{"id":13,"date":"2022-05-02T11:33:40","date_gmt":"2022-05-02T11:33:40","guid":{"rendered":"https:\/\/solucions-empresarials.com\/?page_id=13"},"modified":"2025-09-30T13:39:30","modified_gmt":"2025-09-30T13:39:30","slug":"empresa","status":"publish","type":"page","link":"https:\/\/solucions-empresarials.com\/ca\/empresa\/","title":{"rendered":"L'Empresa"},"content":{"rendered":"<section id=\"section-2-13\" class=\" ct-section \" ><div class=\"ct-section-inner-wrap\"><div id=\"div_block-3-13\" class=\"ct-div-block w-full grid grid-cols-2 gap-8 md-grid-cols-1 items-center\" ><div id=\"div_block-5-13\" class=\"ct-div-block\" ><h1 id=\"headline-6-13\" class=\"ct-headline mb-4 font-semibold text-5xl color-primary\">Expertesa en normatives i serveis per a les empreses<\/h1><div id=\"text_block-7-13\" class=\"ct-text-block color-paragraph\" ><div><br><\/div><div><br><\/div><div>Normatives i Solucions Empresarials, una consultoria d'actualitat que escolta les necessitats dels seus clients des del rigor i l'experi\u00e8ncia.&nbsp;<\/div><div><br><\/div><div>Per aix\u00f2, hem desenvolupat un sistema d\u2019aplicaci\u00f3 pr\u00e0ctic, comprensible i personalitzat que, previ estudi i segons les caracter\u00edstiques de cada empresa, s'ajusta per tal de complir amb les normatives vigents i els requeriments legals.<\/div><div><br><\/div><div>\u00c0mplia oferta de formaci\u00f3 bonificada online per a millorar els coneixements dels treballadors en el seu lloc de treball.&nbsp; Garantir el bon funcionament de les empreses a partir de l'assessorament i implantaci\u00f3 de la legalitat vigent: Registre horari, Protecci\u00f3 de dades, Seguretat aliment\u00e0ria, Protocol d'assetjament, Plans d'Igualtat o Desconnexi\u00f3 Digital entre d'altres normatives d'obligatori compliment per a les empreses.&nbsp;<\/div><\/div><\/div><img decoding=\"async\"  id=\"image-4-13\" alt=\"home i dona parlam\" src=\"https:\/\/solucions-empresarials.com\/wp-content\/uploads\/2025\/06\/solucions.jpg\" class=\"ct-image h-full w-full object-cover rounded-lg shadow-md\"\/><\/div><\/div><\/section>\n\n<section id=\"section-326-8\" class=\" ct-section bg section-py-sm\" ><div class=\"ct-section-inner-wrap\"><div id=\"div_block-327-8\" class=\"ct-div-block w-full grid grid-cols-2 md-grid-cols-1 gap-16\" ><div id=\"div_block-328-8\" class=\"ct-div-block \" ><h2 id=\"headline-34-226\" class=\"ct-headline color-dark color-primary text-2xl text-3xl mb-6\">Expertesa en normatives,<br>serveis i formacions a mida<br>per a les empreses<\/h2><div id=\"_rich_text-30-226\" class=\"oxy-rich-text\" ><p>L'empresa, Normatives i Solucions Empresarials es va fundar l'any 2015 tot i que pr&egrave;viament, l'any 2011 els seus professionals ja es dedicaven a la formaci&oacute; bonificada i als serveis a empreses com ara la Protecci&oacute; de dades.&nbsp;<\/p>\n<p>Per tant, una dilatada experi&egrave;ncia avala l'empresa que la consolida com a consultoria empresarial &eacute;ssent:<\/p>\n<p>- Centre amb declaraci&oacute; responsable registrada en el Servei d'Ocupaci&oacute; de Catalunya (SOC) amb data 22 de juliol de 2015. Segons exigeix el Real ecret 4\/2015. Registre: 0643E- 2177\/2015<\/p>\n<p>- Plataforma de teleformaci&oacute; acreditada per a la gesti&oacute; de formaci&oacute; bonificada, adaptada a la normativa exigida per la Fundaci&oacute;n Estatal para la Formaci&oacute;n en el Empleo (FUNDAE)<\/p>\n<p>- Entitat registrada com a Organitzadora i Formadora a la Fundaci&oacute;n Estatal para la Formaci&oacute;n en el Empleo.<\/p><\/div><\/div><div id=\"div_block-332-8\" class=\"ct-div-block \" ><h2 id=\"headline-38-226\" class=\"ct-headline mb-12 color-dark text-3xl\">Les nostres caracter\u00edstiques clau<\/h2><div id=\"div_block-334-8\" class=\"ct-div-block w-full grid grid-cols-2 gap-8 lg-grid-cols-1\" ><div id=\"div_block-335-8\" class=\"ct-div-block text-left\" ><div id=\"div_block-336-8\" class=\"ct-div-block mb-2 items-center horizontal\" ><div id=\"fancy_icon-337-8\" class=\"ct-fancy-icon icon-lg-primary mr-2\" ><svg id=\"svg-fancy_icon-337-8\"><use xlink:href=\"#FontAwesomeicon-star\"><\/use><\/svg><\/div><h3 id=\"text_block-338-8\" class=\"ct-text-block font-semibold color-dark text-xl\" >Busquem l'excel\u00b7l\u00e8ncia<\/h3><\/div><div id=\"text_block-339-8\" class=\"ct-text-block color-paragraph\" >Ens esforcem per oferir serveis de la m\u00e9s alta qualitat.<\/div><\/div><div id=\"div_block-340-8\" class=\"ct-div-block text-left\" ><div id=\"div_block-341-8\" class=\"ct-div-block mb-2 items-center horizontal\" ><div id=\"fancy_icon-342-8\" class=\"ct-fancy-icon icon-lg-primary mr-2\" ><svg id=\"svg-fancy_icon-342-8\"><use xlink:href=\"#FontAwesomeicon-handshake-o\"><\/use><\/svg><\/div><h3 id=\"text_block-343-8\" class=\"ct-text-block font-semibold color-dark text-xl\" >Respecte<\/h3><\/div><div id=\"text_block-344-8\" class=\"ct-text-block color-paragraph\" >Valorem i respectem les necessitats dels nostres clients.<\/div><\/div><div id=\"div_block-345-8\" class=\"ct-div-block text-left\" ><div id=\"div_block-346-8\" class=\"ct-div-block mb-2 items-center horizontal\" ><div id=\"fancy_icon-347-8\" class=\"ct-fancy-icon icon-lg-primary mr-2\" ><svg id=\"svg-fancy_icon-347-8\"><use xlink:href=\"#FontAwesomeicon-signal\"><\/use><\/svg><\/div><h3 id=\"text_block-348-8\" class=\"ct-text-block font-semibold color-dark text-xl\" >Ambici\u00f3<\/h3><\/div><div id=\"text_block-349-8\" class=\"ct-text-block color-paragraph\" >Treballem per aconseguir els millors resultats.<\/div><\/div><div id=\"div_block-350-8\" class=\"ct-div-block text-left\" ><div id=\"div_block-351-8\" class=\"ct-div-block mb-2 items-center horizontal\" ><div id=\"fancy_icon-352-8\" class=\"ct-fancy-icon icon-lg-primary mr-2\" ><svg id=\"svg-fancy_icon-352-8\"><use xlink:href=\"#FontAwesomeicon-lightbulb-o\"><\/use><\/svg><\/div><h3 id=\"text_block-353-8\" class=\"ct-text-block font-semibold color-dark text-xl\" >Creativitat<\/h3><\/div><div id=\"text_block-354-8\" class=\"ct-text-block color-paragraph\" >Desenvolupem solucions innovadores per als desafiaments empresarials.<\/div><\/div><\/div><\/div><\/div><\/div><\/section>\n\n<section id=\"section-28-291\" class=\" ct-section bg section-py-sm\" ><div class=\"ct-section-inner-wrap\"><div id=\"div_block-29-291\" class=\"ct-div-block mx-auto text-center mb-20\" ><h2 id=\"headline-30-291\" class=\"ct-headline mb-2 font-semibold color-primary text-4xl text-center\">Contactar per a m\u00e9s informaci\u00f3<\/h2><div id=\"text_block-31-291\" class=\"ct-text-block color-paragraph text-center mx-auto\" >&nbsp;Completar el seg\u00fcent formulari:<\/div><\/div><div id=\"div_block-32-291\" class=\"ct-div-block w-full grid gap-8 grid-cols-2 md-grid-cols-1 row-gap-12 grid-cols-5\" ><div id=\"div_block-33-291\" class=\"ct-div-block col-span-2\" ><div id=\"div_block-24-317\" class=\"ct-div-block w-full\" ><div id=\"_dynamic_list-25-317\" class=\"oxy-dynamic-list w-full\"><div id=\"div_block-26-317-1\" class=\"ct-div-block mb-6\" data-id=\"div_block-26-317\"><div id=\"fancy_icon-49-317-1\" class=\"ct-fancy-icon icon-lg-white bg-primary p-2 mr-4\" data-id=\"fancy_icon-49-317\"><svg id=\"svg-fancy_icon-49-317-1\" data-id=\"svg-fancy_icon-49-317\"><use xlink:href=\"#FontAwesomeicon-map-marker\"><\/use><\/svg><\/div><a id=\"link_text-29-317-1\" class=\"ct-link-text my-auto text-left font-bold color-primary\" href=\"https:\/\/g.co\/kgs\/QbJBRTv\" target=\"_blank\" data-id=\"link_text-29-317\"><span id=\"span-30-317\" class=\"ct-span\" >Rambla de l'Exposici\u00f3, 103, 08800 Vilanova i la Geltr\u00fa,<\/span><br><\/a><\/div><div id=\"div_block-26-317-2\" class=\"ct-div-block mb-6\" data-id=\"div_block-26-317\"><div id=\"fancy_icon-49-317-2\" class=\"ct-fancy-icon icon-lg-white bg-primary p-2 mr-4\" data-id=\"fancy_icon-49-317\"><svg id=\"svg-fancy_icon-49-317-2\" data-id=\"svg-fancy_icon-49-317\"><use xlink:href=\"#FontAwesomeicon-map-marker\"><\/use><\/svg><\/div><a id=\"link_text-29-317-2\" class=\"ct-link-text my-auto text-left font-bold color-primary\" href=\"https:\/\/g.co\/kgs\/UXJDu14\" target=\"_blank\" data-id=\"link_text-29-317\"><span id=\"span-30-317\" class=\"ct-span\" >Ctra. de Vic, 136, 08243 Manresa, Barcelona<\/span><br><\/a><\/div><\/div>\n<\/div><div id=\"div_block-38-291\" class=\"ct-div-block horizontal mb-6\" ><div id=\"fancy_icon-39-291\" class=\"ct-fancy-icon icon-lg-white bg-primary p-2 mr-4\" ><svg id=\"svg-fancy_icon-39-291\"><use xlink:href=\"#FontAwesomeicon-phone\"><\/use><\/svg><\/div><a id=\"link_text-40-291\" class=\"ct-link-text my-auto font-bold color-primary\" href=\"tel:\" target=\"_self\"  ><span id=\"span-41-291\" class=\"ct-span oxygenberg-span-41-291 oxygenberg-element\"><\/span><\/a><\/div><div id=\"div_block-42-291\" class=\"ct-div-block horizontal mb-6\" ><div id=\"fancy_icon-43-291\" class=\"ct-fancy-icon icon-lg-white bg-primary p-2 mr-4\" ><svg id=\"svg-fancy_icon-43-291\"><use xlink:href=\"#FontAwesomeicon-envelope-open-o\"><\/use><\/svg><\/div><a id=\"link_text-44-291\" class=\"ct-link-text my-auto font-bold color-primary\" href=\"mailto:\" target=\"_self\"  ><span id=\"span-45-291\" class=\"ct-span oxygenberg-span-45-291 oxygenberg-element\"><\/span><\/a><\/div><\/div><div id=\"div_block-46-291\" class=\"ct-div-block h-full col-span-3\" ><div id=\"code_block-48-291\" class=\"ct-code-block\" ><\/div>\n\t\t<div id=\"-form_widget-54-291\" class=\"oxy-form-widget ff-oxy-element\" ><div class='fluentform ff-default fluentform_wrapper_3 ffs_default_wrap'><form data-form_id=\"3\" id=\"fluentform_3\" class=\"frm-fluent-form fluent_form_3 ff-el-form-top ff_form_instance_3_1 ff-form-loading ffs_default\" data-form_instance=\"ff_form_instance_3_1\" method=\"POST\" ><fieldset  style=\"border: none!important;margin: 0!important;padding: 0!important;background-color: transparent!important;box-shadow: none!important;outline: none!important; min-inline-size: 100%;\">\n                    <legend class=\"ff_screen_reader_title\" style=\"display: block; margin: 0!important;padding: 0!important;height: 0!important;text-indent: -999999px;width: 0!important;overflow:hidden;\">Formulari de contacte - CA<\/legend>        <div\n                style=\"display: none!important; position: absolute!important; transform: translateX(1000%)!important;\"\n                class=\"ff-el-group ff-hpsf-container\"\n        >\n            <div class=\"ff-el-input--label asterisk-right\">\n                <label for=\"ff_3_item_sf\" aria-label=\"Newsletter\">\n                    Newsletter                <\/label>\n            <\/div>\n            <div class=\"ff-el-input--content\">\n                <input type=\"text\"\n                       name=\"item_3__fluent_sf\"\n                       class=\"ff-el-form-control\"\n                       id=\"ff_3_item_sf\"\n                \/>\n            <\/div>\n        <\/div>\n        <input type='hidden' name='__fluent_form_embded_post_id' value='13' \/><input type=\"hidden\" id=\"_fluentform_3_fluentformnonce\" name=\"_fluentform_3_fluentformnonce\" value=\"8e26709231\" \/><input type=\"hidden\" name=\"_wp_http_referer\" value=\"\/ca\/wp-json\/wp\/v2\/pages\/13\" \/><div data-type=\"name-element\" data-name=\"names\" class=\" ff-field_container ff-name-field-wrapper\" ><div class='ff-t-container'><div class='ff-t-cell '><div class='ff-el-group ff-el-form-hide_label'><div class=\"ff-el-input--label ff-el-is-required asterisk-right\"><label for='ff_3_names_first_name_' id='label_ff_3_names_first_name_' >Nom<\/label><\/div><div class='ff-el-input--content'><input type=\"text\" name=\"names[first_name]\" id=\"ff_3_names_first_name_\" class=\"ff-el-form-control\" placeholder=\"Nom\" aria-invalid=\"false\" aria-required=true><\/div><\/div><\/div><\/div><\/div><div class='ff-el-group ff-el-form-hide_label'><div class=\"ff-el-input--label ff-el-is-required asterisk-right\"><label for='ff_3_email' id='label_ff_3_email' aria-label=\"Correu electr\u00f2nic\">Correu electr\u00f2nic<\/label><\/div><div class='ff-el-input--content'><input type=\"email\" name=\"email\" id=\"ff_3_email\" class=\"ff-el-form-control\" placeholder=\"Correu electr\u00f2nic\" data-name=\"email\"  aria-invalid=\"false\" aria-required=true><\/div><\/div><div class='ff-el-group ff-el-form-hide_label'><div class=\"ff-el-input--label asterisk-right\"><label for='ff_3_phone' id='label_ff_3_phone' aria-label=\"Tel\u00e8fon\">Tel\u00e8fon<\/label><\/div><div class='ff-el-input--content'><input name=\"phone\" class=\"ff-el-form-control ff-el-phone\" type=\"tel\" placeholder=\"Tel\u00e8fon\" data-name=\"phone\" id=\"ff_3_phone\" inputmode=\"tel\"  aria-invalid='false' aria-required=false><\/div><\/div><div class='ff-el-group ff-el-form-hide_label'><div class=\"ff-el-input--label asterisk-right\"><label for='ff_3_input_text' id='label_ff_3_input_text' aria-label=\"Assumpte\">Assumpte<\/label><\/div><div class='ff-el-input--content'><input type=\"text\" name=\"input_text\" class=\"ff-el-form-control\" placeholder=\"Assumpte\" data-name=\"input_text\" id=\"ff_3_input_text\"  aria-invalid=\"false\" aria-required=false><\/div><\/div><div class='ff-el-group ff-el-form-hide_label'><div class=\"ff-el-input--label ff-el-is-required asterisk-right\"><label for='ff_3_description' id='label_ff_3_description' aria-label=\"Missatge\">Missatge<\/label><\/div><div class='ff-el-input--content'><textarea aria-required=\"true\" aria-labelledby=\"label_ff_3_description\" name=\"description\" id=\"ff_3_description\" class=\"ff-el-form-control\" placeholder=\"Missatge\" rows=\"5\" cols=\"2\" data-name=\"description\" ><\/textarea><\/div><\/div><div class='ff-el-group    ff-el-input--content'><div class='ff-el-form-check ff-el-tc'><label aria-label='Terms and Conditions: Informat i conforme Avis Legal\n\nEn nom de NORMATIVES I SOLUCIONS EMPRESARIALS, S.L. propiet\u00e0ria del domini web www.solucions-empresarials.com i en virtut del que estableix el Reglament General de Protecci\u00f3 de Dades (UE 1679\/2016) els informem que tractem les dades que ens facilita en el present formulari per tal de poder fer efectiva la seva sol\u00b7licitud d&#039;informaci\u00f3. Les dades proporcionades es conservaran mentre es realitza el processament de la seva sol\u00b7licitud i se li d\u00f3na resposta. Vost\u00e8 t\u00e9 dret a obtenir confirmaci\u00f3 sobre si a NORMATIVES I SOLUCIONS EMPRESARIALS, S.L. estem tractant les seves dades personals per tant t\u00e9 dret a accedir a les seves dades personals, rectificar les inexactes o sol\u00b7licitar-ne la seva supressi\u00f3 quan ja no siguin necessaries.\n Contains 1 link. Use tab navigation to review.' class='ff-el-form-check-label ff_tc_label' for=terms-n-condition_6f12bfb2b7e30fe2e3fa4f2999a8c6ab><span class='ff_tc_checkbox'><input type=\"checkbox\" name=\"terms-n-condition\" class=\"ff-el-form-check-input\" data-name=\"terms-n-condition\" id=\"terms-n-condition_6f12bfb2b7e30fe2e3fa4f2999a8c6ab\"  value='on' aria-invalid='false' aria-required=false><\/span> <div class='ff_t_c'><p>Informat i conforme <a id=\"legalLink\" href=\"https:\/\/solucions-empresarials.com\/avis-legal\" target=\"_blank\" rel=\"noopener\">Avis Legal<\/a><\/p>\n<div id=\"legalMessage\">\n<p style=\"font-size: 12px\">En nom de NORMATIVES I SOLUCIONS EMPRESARIALS, S.L. propiet\u00e0ria del domini web www.solucions-empresarials.com i en virtut del que estableix el Reglament General de Protecci\u00f3 de Dades (UE 1679\/2016) els informem que tractem les dades que ens facilita en el present formulari per tal de poder fer efectiva la seva sol\u00b7licitud d'informaci\u00f3. Les dades proporcionades es conservaran mentre es realitza el processament de la seva sol\u00b7licitud i se li d\u00f3na resposta. Vost\u00e8 t\u00e9 dret a obtenir confirmaci\u00f3 sobre si a NORMATIVES I SOLUCIONS EMPRESARIALS, S.L. estem tractant les seves dades personals per tant t\u00e9 dret a accedir a les seves dades personals, rectificar les inexactes o sol\u00b7licitar-ne la seva supressi\u00f3 quan ja no siguin necessaries.<\/p>\n<\/div><\/div><\/label><\/div><\/div><div class='ff-el-group ff-text-right ff_submit_btn_wrapper'><button type=\"submit\" class=\"ff-btn ff-btn-submit ff-btn-md ff_btn_style\"  aria-label=\"Enviar\">Enviar<\/button><\/div><\/fieldset><\/form><div id='fluentform_3_errors' class='ff-errors-in-stack ff_form_instance_3_1 ff-form-loading_errors ff_form_instance_3_1_errors'><\/div><\/div>            <script type=\"text\/javascript\">\n                window.fluent_form_ff_form_instance_3_1 = {\"id\":\"3\",\"ajaxUrl\":\"https:\\\/\\\/solucions-empresarials.com\\\/wp-admin\\\/admin-ajax.php\",\"settings\":{\"layout\":{\"labelPlacement\":\"top\",\"helpMessagePlacement\":\"with_label\",\"errorMessagePlacement\":\"inline\",\"cssClassName\":\"\",\"asteriskPlacement\":\"asterisk-right\"},\"restrictions\":{\"denyEmptySubmission\":{\"enabled\":false}}},\"form_instance\":\"ff_form_instance_3_1\",\"form_id_selector\":\"fluentform_3\",\"rules\":{\"names[first_name]\":{\"required\":{\"value\":true,\"message\":\"Aquest camp \\u00e9s obligatori\",\"global_message\":\"This field is required\",\"global\":false}},\"names[middle_name]\":{\"required\":{\"value\":false,\"message\":\"This field is required\",\"global_message\":\"This field is required\",\"global\":true}},\"names[last_name]\":{\"required\":{\"value\":false,\"message\":\"This field is required\",\"global_message\":\"This field is required\",\"global\":true}},\"email\":{\"required\":{\"value\":true,\"message\":\"Aquest camp \\u00e9s obligatori\",\"global_message\":\"This field is required\",\"global\":false},\"email\":{\"value\":true,\"message\":\"Aquest camp ha de contenir un correu electr\\u00f2nic v\\u00e0lid\",\"global_message\":\"This field must contain a valid email\",\"global\":false}},\"phone\":{\"required\":{\"value\":false,\"message\":\"This field is required\",\"global\":false,\"global_message\":\"This field is required\"},\"valid_phone_number\":{\"value\":false,\"message\":\"Phone number is not valid\",\"global\":false,\"global_message\":\"Phone number is not valid\"}},\"input_text\":{\"required\":{\"value\":false,\"message\":\"This field is required\",\"global_message\":\"This field is required\",\"global\":true}},\"description\":{\"required\":{\"value\":true,\"message\":\"Aquest camp \\u00e9s obligatori\",\"global_message\":\"This field is required\",\"global\":false}},\"terms-n-condition\":{\"required\":{\"value\":false,\"message\":\"This field is required\",\"global_message\":\"This field is required\",\"global\":true}}},\"debounce_time\":300};\n                            <\/script>\n            <\/div>\n\n\t\t<\/div><\/div><\/div><\/section>","protected":false},"excerpt":{"rendered":"","protected":false},"author":1,"featured_media":0,"parent":0,"menu_order":0,"comment_status":"closed","ping_status":"open","template":"","meta":{"_acf_changed":false,"footnotes":""},"class_list":["post-13","page","type-page","status-publish","hentry"],"acf":[],"_links":{"self":[{"href":"https:\/\/solucions-empresarials.com\/ca\/wp-json\/wp\/v2\/pages\/13","targetHints":{"allow":["GET"]}}],"collection":[{"href":"https:\/\/solucions-empresarials.com\/ca\/wp-json\/wp\/v2\/pages"}],"about":[{"href":"https:\/\/solucions-empresarials.com\/ca\/wp-json\/wp\/v2\/types\/page"}],"author":[{"embeddable":true,"href":"https:\/\/solucions-empresarials.com\/ca\/wp-json\/wp\/v2\/users\/1"}],"replies":[{"embeddable":true,"href":"https:\/\/solucions-empresarials.com\/ca\/wp-json\/wp\/v2\/comments?post=13"}],"version-history":[{"count":15,"href":"https:\/\/solucions-empresarials.com\/ca\/wp-json\/wp\/v2\/pages\/13\/revisions"}],"predecessor-version":[{"id":10559,"href":"https:\/\/solucions-empresarials.com\/ca\/wp-json\/wp\/v2\/pages\/13\/revisions\/10559"}],"wp:attachment":[{"href":"https:\/\/solucions-empresarials.com\/ca\/wp-json\/wp\/v2\/media?parent=13"}],"curies":[{"name":"wp","href":"https:\/\/api.w.org\/{rel}","templated":true}]}}