{"id":130,"date":"2024-05-07T17:24:47","date_gmt":"2024-05-07T17:24:47","guid":{"rendered":"https:\/\/solucions-empresarials.com\/?page_id=130"},"modified":"2025-07-16T12:27:39","modified_gmt":"2025-07-16T12:27:39","slug":"departament-juridic-nova-lex","status":"publish","type":"page","link":"https:\/\/solucions-empresarials.com\/ca\/departament-juridic-nova-lex\/","title":{"rendered":"Departament jur\u00eddic (nova lex)"},"content":{"rendered":"<section id=\"section-2-132\" class=\" ct-section bg\" ><div class=\"ct-section-inner-wrap\"><div id=\"div_block-3-132\" class=\"ct-div-block grid grid-cols-2 gap-16 lg-grid-cols-1\" ><div id=\"div_block-4-132\" class=\"ct-div-block gap-6 my-auto\" ><h1 id=\"headline-5-132\" class=\"ct-headline font-semibold text-4xl\">Formacions a mida<\/h1><h2 id=\"headline-17-132\" class=\"ct-headline text-xl color-primary text-left font-semibold\">El benestar i creixement personal \u00e9s un valor afegit per l\u2019empresa<\/h2><div id=\"text_block-9-132\" class=\"ct-text-block color-paragraph font-medium color-black\" ><div>Nova Lex Auditors \u00e9s la marca del nostre departament jur\u00eddic. Format per t\u00e8cnics especialistes titulats que sota la direcci\u00f3 d\u2019\u00d2scar Fern\u00e1ndez, jurista especialista en protecci\u00f3 de dades des de 2001, s\u2019encarreguen d\u2019adequar de forma integral les empreses a la normativa del RGPD UE 2016\/679 (Reglament General de Protecci\u00f3 de Dades) i a la LOPDGDD 3\/2018.<\/div><div><br><\/div>Som una consultoria moderna que escolta les necessitats dels nostres clients, es per aix\u00f2 que hem desenvolupat un sistema d\u2019aplicaci\u00f3 \u201cpr\u00e0ctic, comprensible i personalitzat\u201d que previ estudi i segons les caracter\u00edstiques de les vostres empreses, s\u2019ajusta per tal d\u2019ajudar- vos a complir amb la normativa vigent referent al RGPD i tots els seus requeriments legals<\/div><\/div><div id=\"div_block-12-132\" class=\"ct-div-block lg-order-first\" ><img decoding=\"async\"  id=\"image-13-132\" alt=\"\" src=\"https:\/\/solucions-empresarials.com\/wp-content\/uploads\/2025\/06\/nova.jpg\" class=\"ct-image w-full h-full rounded-lg\"\/><\/div><\/div><\/div><\/section>\n\n<div id=\"code_block-28-134\" class=\"ct-code-block\" ><\/div><section id=\"section-2-134\" class=\" ct-section bg section-py-sm\" ><div class=\"ct-section-inner-wrap\"><div id=\"div_block-7-134\" class=\"ct-div-block w-full mb-6 py-4\" ><h2 id=\"headline-31-134\" class=\"ct-headline mb-12 color-dark text-4xl\">Descripci\u00f3 del servei<\/h2><\/div><div id=\"div_block-9-134\" class=\"ct-div-block w-full mb-12\" ><div id=\"div_block-3-134\" class=\"ct-div-block\" ><div id=\"_rich_text-4-134\" class=\"oxy-rich-text\" ><ul>\n<li>\n<h3>Reuni&oacute; online personalitzada.<\/h3>\n<\/li>\n<li>\n<h3>Preparaci&oacute; ICC (Internal Company Compliance) previ estudi de l&rsquo;Empresa.<\/h3>\n<\/li>\n<li>\n<h3>Elaboraci&oacute; de l&rsquo;informe d&rsquo;avaluaci&oacute; de riscos.<\/h3>\n<\/li>\n<li>\n<h3>Redacci&oacute; de Pol&iacute;tiques de privacitat (clients, prove&iuml;dors, personal, web, curr&iacute;culums,<\/h3>\n<\/li>\n<li>\n<h3>videovigil&agrave;ncia, clients potencials, etc.), Cartelleria oficial.<\/h3>\n<\/li>\n<li>\n<h3>Redacci&oacute; dels contractes d&rsquo;Encarregats del tractament.<\/h3>\n<\/li>\n<li>\n<h3>Pol&iacute;tiques de confidencialitat dels empleats.<\/h3>\n<\/li>\n<li>\n<h3>Revisi&oacute; i control de pol&iacute;tiques de Seguretat documental i inform&agrave;tica.<\/h3>\n<\/li>\n<li>\n<h3>Expedici&oacute; del certificat de compliment oficial.<\/h3>\n<\/li>\n<\/ul><\/div><\/div><div id=\"div_block-32-134\" class=\"ct-div-block h-full\" ><div id=\"div_block-35-134\" class=\"ct-div-block\" ><img decoding=\"async\"  id=\"image-39-134\" alt=\"\" src=\"https:\/\/solucions-empresarials.com\/wp-content\/uploads\/2025\/06\/a-man-sits-at-his-desk-at-home-at-night-working-o-2025-02-15-20-38-29-utc-1-scaled.jpg\" class=\"ct-image rounded-lg\"\/><\/div><\/div><\/div><div id=\"div_block-11-134\" class=\"ct-div-block w-full pt-4\" ><div id=\"_rich_text-38-134\" class=\"oxy-rich-text color-dark text-xl font-medium\" ><p>Experts en implantar normativa a les empreses: Pimes i aut&ograve;noms de tots els sectors; el nostre prop&ograve;sit &eacute;s aconseguir que els<br \/>nostres clients es sentin assessorats, segurs i protegits; donant resposta de forma r&agrave;pida i professional en tot moment.<\/p>\n<p>El fet de ser juristes especialistes ens permet poder defensar i acompanyar als nostres clients davant de qualsevol dubte i\/o<br \/>incid&egrave;ncia en forma de den&uacute;ncia per part d&rsquo;un afectat o b&eacute; davant d&rsquo;una possible inspecci&oacute; de les autoritats pertinents.<br \/>(<a class=\"color-primary\" href=\"https:\/\/www.aepd.es\/\" target=\"_blank\" rel=\"noopener\">www.aepd.es<\/a> i\/o <a class=\"color-primary\" href=\"https:\/\/apdcat.gencat.cat\/ca\/inici\" target=\"_blank\" rel=\"noopener\">www.apdcat.cat<\/a>).<\/p><\/div><\/div><\/div><\/section>\n\n<section id=\"section-2-136\" class=\" ct-section bg\" ><div class=\"ct-section-inner-wrap\"><h2 id=\"headline-96-136\" class=\"ct-headline mx-auto mb-12 color-dark text-4xl\">Serveis de consultoria en&nbsp;<br>&nbsp; PROTECCI\u00d3 DE DADES<\/h2><div id=\"_dynamic_list-3-136\" class=\"oxy-dynamic-list pt-6 w-full\"><div id=\"div_block-4-136-1\" class=\"ct-div-block gap-4\" data-id=\"div_block-4-136\"><a id=\"link-53-136-1\" class=\"ct-link w-full\" href=\"https:\/\/solucions-empresarials.com\/ca\/serveis\/defensa-juridica-i-respostadrets-arco\/\" target=\"_self\" aria-label=\"Desfensa Jur&iacute;dica I Contestaci&oacute; Excercici de Drets Arco\" data-id=\"link-53-136\"><img decoding=\"async\" id=\"image-7-136-1\" alt=\"\" src=\"https:\/\/solucions-empresarials.com\/wp-content\/uploads\/2022\/05\/7a1f9359f4a2889de67f61239a5b2923-scaled.jpg\" class=\"ct-image w-full rounded\" data-id=\"image-7-136\"><\/a><a id=\"link-54-136-1\" class=\"ct-link \" href=\"https:\/\/solucions-empresarials.com\/ca\/serveis\/defensa-juridica-i-respostadrets-arco\/\" target=\"_self\" aria-label=\"Desfensa Jur&iacute;dica I Contestaci&oacute; Excercici de Drets Arco\" data-id=\"link-54-136\"><h3 id=\"headline-100-136-1\" class=\"ct-headline text-2xl color-dark mb-4\" data-id=\"headline-100-136\"><span id=\"span-108-136\" class=\"ct-span\" >Desfensa Jur\u00eddica I Contestaci\u00f3 Excercici de Drets Arco<\/span><\/h3><\/a><\/div><div id=\"div_block-4-136-2\" class=\"ct-div-block gap-4\" data-id=\"div_block-4-136\"><a id=\"link-53-136-2\" class=\"ct-link w-full\" href=\"https:\/\/solucions-empresarials.com\/ca\/serveis\/politiques-de-privacitat-entorn-digital\/\" target=\"_self\" aria-label=\"Privacitat En l&rsquo;Entorn Digital\" data-id=\"link-53-136\"><img decoding=\"async\" id=\"image-7-136-2\" alt=\"\" src=\"https:\/\/solucions-empresarials.com\/wp-content\/uploads\/2024\/05\/proteccio-dades-rgpd-consentiment-privacitat-scaled.jpg\" class=\"ct-image w-full rounded\" data-id=\"image-7-136\"><\/a><a id=\"link-54-136-2\" class=\"ct-link \" href=\"https:\/\/solucions-empresarials.com\/ca\/serveis\/politiques-de-privacitat-entorn-digital\/\" target=\"_self\" aria-label=\"Privacitat En l&rsquo;Entorn Digital\" data-id=\"link-54-136\"><h3 id=\"headline-100-136-2\" class=\"ct-headline text-2xl color-dark mb-4\" data-id=\"headline-100-136\"><span id=\"span-108-136\" class=\"ct-span\" >Privacitat En l\u2019Entorn Digital<\/span><\/h3><\/a><\/div><div id=\"div_block-4-136-3\" class=\"ct-div-block gap-4\" data-id=\"div_block-4-136\"><a id=\"link-53-136-3\" class=\"ct-link w-full\" href=\"https:\/\/solucions-empresarials.com\/ca\/serveis\/bretxa-de-seguretat\/\" target=\"_self\" aria-label=\"Bretxa de Seguretat\" data-id=\"link-53-136\"><img decoding=\"async\" id=\"image-7-136-3\" alt=\"\" src=\"https:\/\/solucions-empresarials.com\/wp-content\/uploads\/2024\/05\/protocol-bretxa-seguretat-rgpd-empreses.jpg\" class=\"ct-image w-full rounded\" data-id=\"image-7-136\"><\/a><a id=\"link-54-136-3\" class=\"ct-link \" href=\"https:\/\/solucions-empresarials.com\/ca\/serveis\/bretxa-de-seguretat\/\" target=\"_self\" aria-label=\"Bretxa de Seguretat\" data-id=\"link-54-136\"><h3 id=\"headline-100-136-3\" class=\"ct-headline text-2xl color-dark mb-4\" data-id=\"headline-100-136\"><span id=\"span-108-136\" class=\"ct-span\" >Bretxa de Seguretat<\/span><\/h3><\/a><\/div><div id=\"div_block-4-136-4\" class=\"ct-div-block gap-4\" data-id=\"div_block-4-136\"><a id=\"link-53-136-4\" class=\"ct-link w-full\" href=\"https:\/\/solucions-empresarials.com\/ca\/serveis\/formacio-responsables-del-rgpd\/\" target=\"_self\" aria-label=\"Formaci&oacute; Responsables RGPD\" data-id=\"link-53-136\"><img decoding=\"async\" id=\"image-7-136-4\" alt=\"\" src=\"https:\/\/solucions-empresarials.com\/wp-content\/uploads\/2022\/05\/7a1f9359f4a2889de67f61239a5b2923-scaled.jpg\" class=\"ct-image w-full rounded\" data-id=\"image-7-136\"><\/a><a id=\"link-54-136-4\" class=\"ct-link \" href=\"https:\/\/solucions-empresarials.com\/ca\/serveis\/formacio-responsables-del-rgpd\/\" target=\"_self\" aria-label=\"Formaci&oacute; Responsables RGPD\" data-id=\"link-54-136\"><h3 id=\"headline-100-136-4\" class=\"ct-headline text-2xl color-dark mb-4\" data-id=\"headline-100-136\"><span id=\"span-108-136\" class=\"ct-span\" >Formaci\u00f3 Responsables RGPD<\/span><\/h3><\/a><\/div><div id=\"div_block-4-136-5\" class=\"ct-div-block gap-4\" data-id=\"div_block-4-136\"><a id=\"link-53-136-5\" class=\"ct-link w-full\" href=\"https:\/\/solucions-empresarials.com\/ca\/serveis\/protocol-de-desconnexio-digital\/\" target=\"_self\" aria-label=\"Desconnexi&oacute; Digital en el Treball\" data-id=\"link-53-136\"><img decoding=\"async\" id=\"image-7-136-5\" alt=\"\" src=\"https:\/\/solucions-empresarials.com\/wp-content\/uploads\/2022\/05\/Rectangle-1.jpg\" class=\"ct-image w-full rounded\" data-id=\"image-7-136\"><\/a><a id=\"link-54-136-5\" class=\"ct-link \" href=\"https:\/\/solucions-empresarials.com\/ca\/serveis\/protocol-de-desconnexio-digital\/\" target=\"_self\" aria-label=\"Desconnexi&oacute; Digital en el Treball\" data-id=\"link-54-136\"><h3 id=\"headline-100-136-5\" class=\"ct-headline text-2xl color-dark mb-4\" data-id=\"headline-100-136\"><span id=\"span-108-136\" class=\"ct-span\" >Desconnexi\u00f3 Digital en el Treball<\/span><\/h3><\/a><\/div><div id=\"div_block-4-136-6\" class=\"ct-div-block gap-4\" data-id=\"div_block-4-136\"><a id=\"link-53-136-6\" class=\"ct-link w-full\" href=\"https:\/\/solucions-empresarials.com\/ca\/serveis\/auditoria-oficial\/\" target=\"_self\" aria-label=\"Auditoria Oficial\" data-id=\"link-53-136\"><img decoding=\"async\" id=\"image-7-136-6\" alt=\"\" src=\"https:\/\/solucions-empresarials.com\/wp-content\/uploads\/2022\/05\/fda1d2a8ce60673884a92ac2c26b3c29-scaled.jpg\" class=\"ct-image w-full rounded\" data-id=\"image-7-136\"><\/a><a id=\"link-54-136-6\" class=\"ct-link \" href=\"https:\/\/solucions-empresarials.com\/ca\/serveis\/auditoria-oficial\/\" target=\"_self\" aria-label=\"Auditoria Oficial\" data-id=\"link-54-136\"><h3 id=\"headline-100-136-6\" class=\"ct-headline text-2xl color-dark mb-4\" data-id=\"headline-100-136\"><span id=\"span-108-136\" class=\"ct-span\" >Auditoria Oficial<\/span><\/h3><\/a><\/div>                    \n                                            \n                                        \n                    <\/div>\n<\/div><\/section>","protected":false},"excerpt":{"rendered":"","protected":false},"author":3,"featured_media":0,"parent":0,"menu_order":0,"comment_status":"closed","ping_status":"closed","template":"","meta":{"_acf_changed":false,"footnotes":""},"class_list":["post-130","page","type-page","status-publish","hentry"],"acf":[],"_links":{"self":[{"href":"https:\/\/solucions-empresarials.com\/ca\/wp-json\/wp\/v2\/pages\/130","targetHints":{"allow":["GET"]}}],"collection":[{"href":"https:\/\/solucions-empresarials.com\/ca\/wp-json\/wp\/v2\/pages"}],"about":[{"href":"https:\/\/solucions-empresarials.com\/ca\/wp-json\/wp\/v2\/types\/page"}],"author":[{"embeddable":true,"href":"https:\/\/solucions-empresarials.com\/ca\/wp-json\/wp\/v2\/users\/3"}],"replies":[{"embeddable":true,"href":"https:\/\/solucions-empresarials.com\/ca\/wp-json\/wp\/v2\/comments?post=130"}],"version-history":[{"count":5,"href":"https:\/\/solucions-empresarials.com\/ca\/wp-json\/wp\/v2\/pages\/130\/revisions"}],"predecessor-version":[{"id":10528,"href":"https:\/\/solucions-empresarials.com\/ca\/wp-json\/wp\/v2\/pages\/130\/revisions\/10528"}],"wp:attachment":[{"href":"https:\/\/solucions-empresarials.com\/ca\/wp-json\/wp\/v2\/media?parent=130"}],"curies":[{"name":"wp","href":"https:\/\/api.w.org\/{rel}","templated":true}]}}