{"id":138,"date":"2024-05-07T19:02:55","date_gmt":"2024-05-07T19:02:55","guid":{"rendered":"https:\/\/solucions-empresarials.com\/?page_id=138"},"modified":"2025-08-05T18:15:29","modified_gmt":"2025-08-05T18:15:29","slug":"normatives-empresarials","status":"publish","type":"page","link":"https:\/\/solucions-empresarials.com\/ca\/normatives-empresarials\/","title":{"rendered":"Normatives"},"content":{"rendered":"\n<div class=\"wp-block-group alignfull has-global-padding\"><div class=\"wp-block-group__inner-container is-layout-constrained wp-block-group-is-layout-constrained\"><section id=\"section-2-132\" class=\" ct-section bg\" ><div class=\"ct-section-inner-wrap\"><div id=\"div_block-3-132\" class=\"ct-div-block grid grid-cols-2 gap-16 lg-grid-cols-1\" ><div id=\"div_block-4-132\" class=\"ct-div-block gap-6 my-auto\" ><h1 id=\"headline-15-140\" class=\"ct-headline font-semibold text-4xl\">Normatives Empresarials<\/h1><div id=\"text_block-9-132\" class=\"ct-text-block color-paragraph font-medium color-black\" ><div>Nova Lex Auditors \u00e9s la marca del nostre departament jur\u00eddic. Format per t\u00e8cnics especialistes titulats que sota la direcci\u00f3 d\u2019\u00d2scar Fern\u00e1ndez, jurista especialista en protecci\u00f3 de dades des de 2001, s\u2019encarreguen d\u2019adequar de forma integral les empreses a la normativa del RGPD UE 2016\/679 (Reglament General de Protecci\u00f3 de Dades) i a la LOPDGDD 3\/2018.<\/div><div><br><\/div>Som una consultoria moderna que escolta les necessitats dels nostres clients, es per aix\u00f2 que hem desenvolupat un sistema d\u2019aplicaci\u00f3 \u201cpr\u00e0ctic, comprensible i personalitzat\u201d que previ estudi i segons les caracter\u00edstiques de les vostres empreses, s\u2019ajusta per tal d\u2019ajudar- vos a complir amb la normativa vigent referent al RGPD i tots els seus requeriments legals.<\/div><div id=\"div_block-10-140\" class=\"ct-div-block w-full\" ><img decoding=\"async\"  id=\"image-11-140\" alt=\"\" src=\"https:\/\/solucions-empresarials.com\/wp-content\/uploads\/2022\/05\/cursos-1.jpg\" class=\"ct-image\"\/><img decoding=\"async\"  id=\"image-13-140\" alt=\"\" src=\"https:\/\/solucions-empresarials.com\/wp-content\/uploads\/2024\/05\/autoprotec.jpg\" class=\"ct-image my-auto\"\/><\/div><\/div><div id=\"div_block-17-140\" class=\"ct-div-block h-full\" ><div id=\"div_block-18-140\" class=\"ct-div-block\" ><div id=\"video-19-140\" class=\"ct-video\" >\n                <div class=\"oxygen-vsb-responsive-video-wrapper\"><iframe  src=\"https:\/\/www.youtube.com\/embed\/S2mqi7L3Qn0\" frameborder=\"0\" referrerpolicy=\"strict-origin-when-cross-origin\" webkitallowfullscreen mozallowfullscreen allowfullscreen><\/iframe><\/div>\n                <\/div><\/div><\/div><div id=\"code_block-21-140\" class=\"ct-code-block\" ><\/div><\/div><\/div><\/section><\/div><\/div>\n\n\n \r\n<section class=\"section-py-sm\"> \r\n  <div class=\"ct-section-inner-wrap\"> \r\n     \r\n      <h2 class=\"ct-headline text-4xl mb-12 color-dark text-center mx-auto\"> \r\n        Serveis Consultoria Normatives Empresarials \r\n      <\/h2> \r\n     \r\n     \r\n      <div class=\"grid grid-cols-3 gap-6 md-grid-cols-2 sm-grid-cols-1\"> \r\n         \r\n        <div class=\"h-full border-px border-color rounded p-4 gap-4 flex flex-col\"> \r\n           \r\n            <div class=\"serveis-thumbnail\"> \r\n              <img loading=\"lazy\" decoding=\"async\" width=\"2560\" height=\"1707\" src=\"https:\/\/solucions-empresarials.com\/wp-content\/uploads\/2022\/05\/7a1f9359f4a2889de67f61239a5b2923-scaled.jpg\" class=\"attachment-full size-full wp-post-image\" alt=\"\" style=\"max-width:100%; height:auto; object-fit:cover; aspect-ratio:16\/9;\" srcset=\"https:\/\/solucions-empresarials.com\/wp-content\/uploads\/2022\/05\/7a1f9359f4a2889de67f61239a5b2923-scaled.jpg 2560w, https:\/\/solucions-empresarials.com\/wp-content\/uploads\/2022\/05\/7a1f9359f4a2889de67f61239a5b2923-300x200.jpg 300w, https:\/\/solucions-empresarials.com\/wp-content\/uploads\/2022\/05\/7a1f9359f4a2889de67f61239a5b2923-1024x683.jpg 1024w, https:\/\/solucions-empresarials.com\/wp-content\/uploads\/2022\/05\/7a1f9359f4a2889de67f61239a5b2923-768x512.jpg 768w, https:\/\/solucions-empresarials.com\/wp-content\/uploads\/2022\/05\/7a1f9359f4a2889de67f61239a5b2923-1536x1024.jpg 1536w, https:\/\/solucions-empresarials.com\/wp-content\/uploads\/2022\/05\/7a1f9359f4a2889de67f61239a5b2923-2048x1366.jpg 2048w\" sizes=\"auto, (max-width: 2560px) 100vw, 2560px\" \/> \r\n            <\/div> \r\n           \r\n          <h3 class=\"text-2xl color-dark\">Desfensa Jur\u00eddica I Contestaci\u00f3 Excercici de Drets Arco<\/h3> \r\n          <a class=\"ct-link-button btn-primary mt-auto\" href=\"https:\/\/solucions-empresarials.com\/ca\/serveis\/defensa-juridica-i-respostadrets-arco\/\"> \r\n            Saber m\u00e9s \r\n          <\/a> \r\n        <\/div> \r\n         \r\n        <div class=\"h-full border-px border-color rounded p-4 gap-4 flex flex-col\"> \r\n           \r\n            <div class=\"serveis-thumbnail\"> \r\n              <img loading=\"lazy\" decoding=\"async\" width=\"2560\" height=\"1702\" src=\"https:\/\/solucions-empresarials.com\/wp-content\/uploads\/2024\/05\/proteccio-dades-rgpd-consentiment-privacitat-scaled.jpg\" class=\"attachment-full size-full wp-post-image\" alt=\"Figures de fusta representant persones envoltant un cadenat vermell amb una clau, simbolitzant la protecci\u00f3 de dades personals, el consentiment i la privacitat en entorns digitals.\" style=\"max-width:100%; height:auto; object-fit:cover; aspect-ratio:16\/9;\" srcset=\"https:\/\/solucions-empresarials.com\/wp-content\/uploads\/2024\/05\/proteccio-dades-rgpd-consentiment-privacitat-scaled.jpg 2560w, https:\/\/solucions-empresarials.com\/wp-content\/uploads\/2024\/05\/proteccio-dades-rgpd-consentiment-privacitat-300x199.jpg 300w, https:\/\/solucions-empresarials.com\/wp-content\/uploads\/2024\/05\/proteccio-dades-rgpd-consentiment-privacitat-1024x681.jpg 1024w, https:\/\/solucions-empresarials.com\/wp-content\/uploads\/2024\/05\/proteccio-dades-rgpd-consentiment-privacitat-768x511.jpg 768w, https:\/\/solucions-empresarials.com\/wp-content\/uploads\/2024\/05\/proteccio-dades-rgpd-consentiment-privacitat-1536x1021.jpg 1536w, https:\/\/solucions-empresarials.com\/wp-content\/uploads\/2024\/05\/proteccio-dades-rgpd-consentiment-privacitat-2048x1362.jpg 2048w\" sizes=\"auto, (max-width: 2560px) 100vw, 2560px\" \/> \r\n            <\/div> \r\n           \r\n          <h3 class=\"text-2xl color-dark\">Privacitat En l\u2019Entorn Digital<\/h3> \r\n          <a class=\"ct-link-button btn-primary mt-auto\" href=\"https:\/\/solucions-empresarials.com\/ca\/serveis\/politiques-de-privacitat-entorn-digital\/\"> \r\n            Saber m\u00e9s \r\n          <\/a> \r\n        <\/div> \r\n         \r\n        <div class=\"h-full border-px border-color rounded p-4 gap-4 flex flex-col\"> \r\n           \r\n            <div class=\"serveis-thumbnail\"> \r\n              <img loading=\"lazy\" decoding=\"async\" width=\"2470\" height=\"1332\" src=\"https:\/\/solucions-empresarials.com\/wp-content\/uploads\/2024\/05\/protocol-bretxa-seguretat-rgpd-empreses.jpg\" class=\"attachment-full size-full wp-post-image\" alt=\"Persona teclejant en un teclat amb icones digitals flotants de seguretat al voltant, simbolitzant la protecci\u00f3 de dades personals i la gesti\u00f3 de bretxes de seguretat segons el RGPD.\" style=\"max-width:100%; height:auto; object-fit:cover; aspect-ratio:16\/9;\" srcset=\"https:\/\/solucions-empresarials.com\/wp-content\/uploads\/2024\/05\/protocol-bretxa-seguretat-rgpd-empreses.jpg 2470w, https:\/\/solucions-empresarials.com\/wp-content\/uploads\/2024\/05\/protocol-bretxa-seguretat-rgpd-empreses-300x162.jpg 300w, https:\/\/solucions-empresarials.com\/wp-content\/uploads\/2024\/05\/protocol-bretxa-seguretat-rgpd-empreses-1024x552.jpg 1024w, https:\/\/solucions-empresarials.com\/wp-content\/uploads\/2024\/05\/protocol-bretxa-seguretat-rgpd-empreses-768x414.jpg 768w, https:\/\/solucions-empresarials.com\/wp-content\/uploads\/2024\/05\/protocol-bretxa-seguretat-rgpd-empreses-1536x828.jpg 1536w, https:\/\/solucions-empresarials.com\/wp-content\/uploads\/2024\/05\/protocol-bretxa-seguretat-rgpd-empreses-2048x1104.jpg 2048w\" sizes=\"auto, (max-width: 2470px) 100vw, 2470px\" \/> \r\n            <\/div> \r\n           \r\n          <h3 class=\"text-2xl color-dark\">Bretxa de Seguretat<\/h3> \r\n          <a class=\"ct-link-button btn-primary mt-auto\" href=\"https:\/\/solucions-empresarials.com\/ca\/serveis\/bretxa-de-seguretat\/\"> \r\n            Saber m\u00e9s \r\n          <\/a> \r\n        <\/div> \r\n         \r\n        <div class=\"h-full border-px border-color rounded p-4 gap-4 flex flex-col\"> \r\n           \r\n            <div class=\"serveis-thumbnail\"> \r\n              <img loading=\"lazy\" decoding=\"async\" width=\"2560\" height=\"1707\" src=\"https:\/\/solucions-empresarials.com\/wp-content\/uploads\/2022\/05\/7a1f9359f4a2889de67f61239a5b2923-scaled.jpg\" class=\"attachment-full size-full wp-post-image\" alt=\"\" style=\"max-width:100%; height:auto; object-fit:cover; aspect-ratio:16\/9;\" srcset=\"https:\/\/solucions-empresarials.com\/wp-content\/uploads\/2022\/05\/7a1f9359f4a2889de67f61239a5b2923-scaled.jpg 2560w, https:\/\/solucions-empresarials.com\/wp-content\/uploads\/2022\/05\/7a1f9359f4a2889de67f61239a5b2923-300x200.jpg 300w, https:\/\/solucions-empresarials.com\/wp-content\/uploads\/2022\/05\/7a1f9359f4a2889de67f61239a5b2923-1024x683.jpg 1024w, https:\/\/solucions-empresarials.com\/wp-content\/uploads\/2022\/05\/7a1f9359f4a2889de67f61239a5b2923-768x512.jpg 768w, https:\/\/solucions-empresarials.com\/wp-content\/uploads\/2022\/05\/7a1f9359f4a2889de67f61239a5b2923-1536x1024.jpg 1536w, https:\/\/solucions-empresarials.com\/wp-content\/uploads\/2022\/05\/7a1f9359f4a2889de67f61239a5b2923-2048x1366.jpg 2048w\" sizes=\"auto, (max-width: 2560px) 100vw, 2560px\" \/> \r\n            <\/div> \r\n           \r\n          <h3 class=\"text-2xl color-dark\">Formaci\u00f3 Responsables RGPD<\/h3> \r\n          <a class=\"ct-link-button btn-primary mt-auto\" href=\"https:\/\/solucions-empresarials.com\/ca\/serveis\/formacio-responsables-del-rgpd\/\"> \r\n            Saber m\u00e9s \r\n          <\/a> \r\n        <\/div> \r\n         \r\n        <div class=\"h-full border-px border-color rounded p-4 gap-4 flex flex-col\"> \r\n           \r\n            <div class=\"serveis-thumbnail\"> \r\n              <img loading=\"lazy\" decoding=\"async\" width=\"543\" height=\"450\" src=\"https:\/\/solucions-empresarials.com\/wp-content\/uploads\/2022\/05\/Rectangle-1.jpg\" class=\"attachment-full size-full wp-post-image\" alt=\"\" style=\"max-width:100%; height:auto; object-fit:cover; aspect-ratio:16\/9;\" srcset=\"https:\/\/solucions-empresarials.com\/wp-content\/uploads\/2022\/05\/Rectangle-1.jpg 543w, https:\/\/solucions-empresarials.com\/wp-content\/uploads\/2022\/05\/Rectangle-1-300x249.jpg 300w\" sizes=\"auto, (max-width: 543px) 100vw, 543px\" \/> \r\n            <\/div> \r\n           \r\n          <h3 class=\"text-2xl color-dark\">Desconnexi\u00f3 Digital en el Treball<\/h3> \r\n          <a class=\"ct-link-button btn-primary mt-auto\" href=\"https:\/\/solucions-empresarials.com\/ca\/serveis\/protocol-de-desconnexio-digital\/\"> \r\n            Saber m\u00e9s \r\n          <\/a> \r\n        <\/div> \r\n         \r\n        <div class=\"h-full border-px border-color rounded p-4 gap-4 flex flex-col\"> \r\n           \r\n            <div class=\"serveis-thumbnail\"> \r\n              <img loading=\"lazy\" decoding=\"async\" width=\"2560\" height=\"1707\" src=\"https:\/\/solucions-empresarials.com\/wp-content\/uploads\/2022\/05\/fda1d2a8ce60673884a92ac2c26b3c29-scaled.jpg\" class=\"attachment-full size-full wp-post-image\" alt=\"\" style=\"max-width:100%; height:auto; object-fit:cover; aspect-ratio:16\/9;\" srcset=\"https:\/\/solucions-empresarials.com\/wp-content\/uploads\/2022\/05\/fda1d2a8ce60673884a92ac2c26b3c29-scaled.jpg 2560w, https:\/\/solucions-empresarials.com\/wp-content\/uploads\/2022\/05\/fda1d2a8ce60673884a92ac2c26b3c29-300x200.jpg 300w, https:\/\/solucions-empresarials.com\/wp-content\/uploads\/2022\/05\/fda1d2a8ce60673884a92ac2c26b3c29-1024x683.jpg 1024w, https:\/\/solucions-empresarials.com\/wp-content\/uploads\/2022\/05\/fda1d2a8ce60673884a92ac2c26b3c29-768x512.jpg 768w, https:\/\/solucions-empresarials.com\/wp-content\/uploads\/2022\/05\/fda1d2a8ce60673884a92ac2c26b3c29-1536x1024.jpg 1536w, https:\/\/solucions-empresarials.com\/wp-content\/uploads\/2022\/05\/fda1d2a8ce60673884a92ac2c26b3c29-2048x1366.jpg 2048w\" sizes=\"auto, (max-width: 2560px) 100vw, 2560px\" \/> \r\n            <\/div> \r\n           \r\n          <h3 class=\"text-2xl color-dark\">Auditoria Oficial<\/h3> \r\n          <a class=\"ct-link-button btn-primary mt-auto\" href=\"https:\/\/solucions-empresarials.com\/ca\/serveis\/auditoria-oficial\/\"> \r\n            Saber m\u00e9s \r\n          <\/a> \r\n        <\/div> \r\n         \r\n      <\/div> \r\n    <\/div> \r\n<\/section> \r\n \r\n\n","protected":false},"excerpt":{"rendered":"","protected":false},"author":3,"featured_media":0,"parent":0,"menu_order":0,"comment_status":"closed","ping_status":"closed","template":"","meta":{"_acf_changed":false,"footnotes":""},"class_list":["post-138","page","type-page","status-publish","hentry"],"acf":[],"_links":{"self":[{"href":"https:\/\/solucions-empresarials.com\/ca\/wp-json\/wp\/v2\/pages\/138","targetHints":{"allow":["GET"]}}],"collection":[{"href":"https:\/\/solucions-empresarials.com\/ca\/wp-json\/wp\/v2\/pages"}],"about":[{"href":"https:\/\/solucions-empresarials.com\/ca\/wp-json\/wp\/v2\/types\/page"}],"author":[{"embeddable":true,"href":"https:\/\/solucions-empresarials.com\/ca\/wp-json\/wp\/v2\/users\/3"}],"replies":[{"embeddable":true,"href":"https:\/\/solucions-empresarials.com\/ca\/wp-json\/wp\/v2\/comments?post=138"}],"version-history":[{"count":26,"href":"https:\/\/solucions-empresarials.com\/ca\/wp-json\/wp\/v2\/pages\/138\/revisions"}],"predecessor-version":[{"id":10620,"href":"https:\/\/solucions-empresarials.com\/ca\/wp-json\/wp\/v2\/pages\/138\/revisions\/10620"}],"wp:attachment":[{"href":"https:\/\/solucions-empresarials.com\/ca\/wp-json\/wp\/v2\/media?parent=138"}],"curies":[{"name":"wp","href":"https:\/\/api.w.org\/{rel}","templated":true}]}}