{"id":15,"date":"2022-05-02T11:34:37","date_gmt":"2022-05-02T11:34:37","guid":{"rendered":"https:\/\/solucions-empresarials.com\/?page_id=15"},"modified":"2025-09-30T17:14:32","modified_gmt":"2025-09-30T17:14:32","slug":"contacte","status":"publish","type":"page","link":"https:\/\/solucions-empresarials.com\/ca\/contacte\/","title":{"rendered":"Contacte"},"content":{"rendered":"<section id=\"section-28-291\" class=\" ct-section bg section-py-sm\" ><div class=\"ct-section-inner-wrap\"><div id=\"div_block-29-291\" class=\"ct-div-block mx-auto text-center mb-20\" ><h1 id=\"headline-30-291\" class=\"ct-headline mb-2 font-semibold color-primary text-4xl text-center\">Escriu-nos per sol\u00b7licitar informaci\u00f3<\/h1><div id=\"text_block-31-291\" class=\"ct-text-block color-paragraph text-center mx-auto\" >Envi\u00ef'ns un missatge utilitzant el seg\u00fcent formulari.<\/div><\/div><div id=\"div_block-32-291\" class=\"ct-div-block w-full grid gap-8 grid-cols-2 md-grid-cols-1 row-gap-12 grid-cols-5\" ><div id=\"div_block-33-291\" class=\"ct-div-block col-span-2\" ><div id=\"div_block-24-293\" class=\"ct-div-block w-full\" ><div id=\"_dynamic_list-25-293\" class=\"oxy-dynamic-list w-full\"><div id=\"div_block-26-293-1\" class=\"ct-div-block mb-6\" data-id=\"div_block-26-293\"><div id=\"fancy_icon-27-293-1\" class=\"ct-fancy-icon icon-lg-white bg-primary p-2 mr-4\" data-id=\"fancy_icon-27-293\"><svg id=\"svg-fancy_icon-27-293-1\" data-id=\"svg-fancy_icon-27-293\"><use xlink:href=\"#FontAwesomeicon-map-marker\"><\/use><\/svg><\/div><a id=\"link_text-28-293-1\" class=\"ct-link-text my-auto text-left font-bold color-primary\" href=\"https:\/\/g.co\/kgs\/QbJBRTv\" target=\"_blank\" data-id=\"link_text-28-293\"><span id=\"span-29-293\" class=\"ct-span\" >Rambla de l'Exposici\u00f3, 103, 08800 Vilanova i la Geltr\u00fa,<\/span><br><\/a><\/div><div id=\"div_block-26-293-2\" class=\"ct-div-block mb-6\" data-id=\"div_block-26-293\"><div id=\"fancy_icon-27-293-2\" class=\"ct-fancy-icon icon-lg-white bg-primary p-2 mr-4\" data-id=\"fancy_icon-27-293\"><svg id=\"svg-fancy_icon-27-293-2\" data-id=\"svg-fancy_icon-27-293\"><use xlink:href=\"#FontAwesomeicon-map-marker\"><\/use><\/svg><\/div><a id=\"link_text-28-293-2\" class=\"ct-link-text my-auto text-left font-bold color-primary\" href=\"https:\/\/g.co\/kgs\/UXJDu14\" target=\"_blank\" data-id=\"link_text-28-293\"><span id=\"span-29-293\" class=\"ct-span\" >Ctra. de Vic, 136, 08243 Manresa, Barcelona<\/span><br><\/a><\/div><\/div>\n<\/div><div id=\"div_block-38-291\" class=\"ct-div-block horizontal mb-6\" ><div id=\"fancy_icon-39-291\" class=\"ct-fancy-icon icon-lg-white bg-primary p-2 mr-4\" ><svg id=\"svg-fancy_icon-39-291\"><use xlink:href=\"#FontAwesomeicon-phone\"><\/use><\/svg><\/div><a id=\"link_text-40-291\" class=\"ct-link-text my-auto font-bold color-primary\" href=\"tel:\" target=\"_self\"  ><span id=\"span-41-291\" class=\"ct-span\" ><\/span><\/a><\/div><div id=\"div_block-42-291\" class=\"ct-div-block horizontal mb-6\" ><div id=\"fancy_icon-43-291\" class=\"ct-fancy-icon icon-lg-white bg-primary p-2 mr-4\" ><svg id=\"svg-fancy_icon-43-291\"><use xlink:href=\"#FontAwesomeicon-envelope-open-o\"><\/use><\/svg><\/div><a id=\"link_text-44-291\" class=\"ct-link-text my-auto font-bold color-primary\" href=\"mailto:\" target=\"_self\"  ><span id=\"span-45-291\" class=\"ct-span\" ><\/span><\/a><\/div><\/div><div id=\"div_block-46-291\" class=\"ct-div-block h-full col-span-3\" ><div id=\"shortcode-47-291\" class=\"ct-shortcode w-full\" >[contact-form-7 id=\"66\" title=\"Contact form\"]<\/div><div id=\"code_block-48-291\" class=\"ct-code-block\" ><\/div>\n\t\t<div id=\"-form_widget-54-291\" class=\"oxy-form-widget ff-oxy-element\" ><div class='fluentform ff-default fluentform_wrapper_3 ffs_default_wrap'><form data-form_id=\"3\" id=\"fluentform_3\" class=\"frm-fluent-form fluent_form_3 ff-el-form-top ff_form_instance_3_1 ff-form-loading ffs_default\" data-form_instance=\"ff_form_instance_3_1\" method=\"POST\" ><fieldset  style=\"border: none!important;margin: 0!important;padding: 0!important;background-color: transparent!important;box-shadow: none!important;outline: none!important; min-inline-size: 100%;\">\n                    <legend class=\"ff_screen_reader_title\" style=\"display: block; margin: 0!important;padding: 0!important;height: 0!important;text-indent: -999999px;width: 0!important;overflow:hidden;\">Formulari de contacte - CA<\/legend>        <div\n                style=\"display: none!important; position: absolute!important; transform: translateX(1000%)!important;\"\n                class=\"ff-el-group ff-hpsf-container\"\n        >\n            <div class=\"ff-el-input--label asterisk-right\">\n                <label for=\"ff_3_item_sf\" aria-label=\"Updates\">\n                    Updates                <\/label>\n            <\/div>\n            <div class=\"ff-el-input--content\">\n                <input type=\"text\"\n                       name=\"item_3__fluent_sf\"\n                       class=\"ff-el-form-control\"\n                       id=\"ff_3_item_sf\"\n                \/>\n            <\/div>\n        <\/div>\n        <input type='hidden' name='__fluent_form_embded_post_id' value='15' \/><input type=\"hidden\" id=\"_fluentform_3_fluentformnonce\" name=\"_fluentform_3_fluentformnonce\" value=\"f117ad5512\" \/><input type=\"hidden\" name=\"_wp_http_referer\" value=\"\/ca\/wp-json\/wp\/v2\/pages\/15\" \/><div data-type=\"name-element\" data-name=\"names\" class=\" ff-field_container ff-name-field-wrapper\" ><div class='ff-t-container'><div class='ff-t-cell '><div class='ff-el-group ff-el-form-hide_label'><div class=\"ff-el-input--label ff-el-is-required asterisk-right\"><label for='ff_3_names_first_name_' id='label_ff_3_names_first_name_' >Nom<\/label><\/div><div class='ff-el-input--content'><input type=\"text\" name=\"names[first_name]\" id=\"ff_3_names_first_name_\" class=\"ff-el-form-control\" placeholder=\"Nom\" aria-invalid=\"false\" aria-required=true><\/div><\/div><\/div><\/div><\/div><div class='ff-el-group ff-el-form-hide_label'><div class=\"ff-el-input--label ff-el-is-required asterisk-right\"><label for='ff_3_email' id='label_ff_3_email' aria-label=\"Correu electr\u00f2nic\">Correu electr\u00f2nic<\/label><\/div><div class='ff-el-input--content'><input type=\"email\" name=\"email\" id=\"ff_3_email\" class=\"ff-el-form-control\" placeholder=\"Correu electr\u00f2nic\" data-name=\"email\"  aria-invalid=\"false\" aria-required=true><\/div><\/div><div class='ff-el-group ff-el-form-hide_label'><div class=\"ff-el-input--label asterisk-right\"><label for='ff_3_phone' id='label_ff_3_phone' aria-label=\"Tel\u00e8fon\">Tel\u00e8fon<\/label><\/div><div class='ff-el-input--content'><input name=\"phone\" class=\"ff-el-form-control ff-el-phone\" type=\"tel\" placeholder=\"Tel\u00e8fon\" data-name=\"phone\" id=\"ff_3_phone\" inputmode=\"tel\"  aria-invalid='false' aria-required=false><\/div><\/div><div class='ff-el-group ff-el-form-hide_label'><div class=\"ff-el-input--label asterisk-right\"><label for='ff_3_input_text' id='label_ff_3_input_text' aria-label=\"Assumpte\">Assumpte<\/label><\/div><div class='ff-el-input--content'><input type=\"text\" name=\"input_text\" class=\"ff-el-form-control\" placeholder=\"Assumpte\" data-name=\"input_text\" id=\"ff_3_input_text\"  aria-invalid=\"false\" aria-required=false><\/div><\/div><div class='ff-el-group ff-el-form-hide_label'><div class=\"ff-el-input--label ff-el-is-required asterisk-right\"><label for='ff_3_description' id='label_ff_3_description' aria-label=\"Missatge\">Missatge<\/label><\/div><div class='ff-el-input--content'><textarea aria-required=\"true\" aria-labelledby=\"label_ff_3_description\" name=\"description\" id=\"ff_3_description\" class=\"ff-el-form-control\" placeholder=\"Missatge\" rows=\"5\" cols=\"2\" data-name=\"description\" ><\/textarea><\/div><\/div><div class='ff-el-group    ff-el-input--content'><div class='ff-el-form-check ff-el-tc'><label aria-label='Terms and Conditions: Informat i conforme Avis Legal\n\nEn nom de NORMATIVES I SOLUCIONS EMPRESARIALS, S.L. propiet\u00e0ria del domini web www.solucions-empresarials.com i en virtut del que estableix el Reglament General de Protecci\u00f3 de Dades (UE 1679\/2016) els informem que tractem les dades que ens facilita en el present formulari per tal de poder fer efectiva la seva sol\u00b7licitud d&#039;informaci\u00f3. Les dades proporcionades es conservaran mentre es realitza el processament de la seva sol\u00b7licitud i se li d\u00f3na resposta. Vost\u00e8 t\u00e9 dret a obtenir confirmaci\u00f3 sobre si a NORMATIVES I SOLUCIONS EMPRESARIALS, S.L. estem tractant les seves dades personals per tant t\u00e9 dret a accedir a les seves dades personals, rectificar les inexactes o sol\u00b7licitar-ne la seva supressi\u00f3 quan ja no siguin necessaries.\n Contains 1 link. Use tab navigation to review.' class='ff-el-form-check-label ff_tc_label' for=terms-n-condition_3a612a64dc1383b97a3917834b3e9b12><span class='ff_tc_checkbox'><input type=\"checkbox\" name=\"terms-n-condition\" class=\"ff-el-form-check-input\" data-name=\"terms-n-condition\" id=\"terms-n-condition_3a612a64dc1383b97a3917834b3e9b12\"  value='on' aria-invalid='false' aria-required=false><\/span> <div class='ff_t_c'><p>Informat i conforme <a id=\"legalLink\" href=\"https:\/\/solucions-empresarials.com\/avis-legal\" target=\"_blank\" rel=\"noopener\">Avis Legal<\/a><\/p>\n<div id=\"legalMessage\">\n<p style=\"font-size: 12px\">En nom de NORMATIVES I SOLUCIONS EMPRESARIALS, S.L. propiet\u00e0ria del domini web www.solucions-empresarials.com i en virtut del que estableix el Reglament General de Protecci\u00f3 de Dades (UE 1679\/2016) els informem que tractem les dades que ens facilita en el present formulari per tal de poder fer efectiva la seva sol\u00b7licitud d'informaci\u00f3. Les dades proporcionades es conservaran mentre es realitza el processament de la seva sol\u00b7licitud i se li d\u00f3na resposta. Vost\u00e8 t\u00e9 dret a obtenir confirmaci\u00f3 sobre si a NORMATIVES I SOLUCIONS EMPRESARIALS, S.L. estem tractant les seves dades personals per tant t\u00e9 dret a accedir a les seves dades personals, rectificar les inexactes o sol\u00b7licitar-ne la seva supressi\u00f3 quan ja no siguin necessaries.<\/p>\n<\/div><\/div><\/label><\/div><\/div><div class='ff-el-group ff-text-right ff_submit_btn_wrapper'><button type=\"submit\" class=\"ff-btn ff-btn-submit ff-btn-md ff_btn_style\"  aria-label=\"Enviar\">Enviar<\/button><\/div><\/fieldset><\/form><div id='fluentform_3_errors' class='ff-errors-in-stack ff_form_instance_3_1 ff-form-loading_errors ff_form_instance_3_1_errors'><\/div><\/div>            <script type=\"text\/javascript\">\n                window.fluent_form_ff_form_instance_3_1 = {\"id\":\"3\",\"ajaxUrl\":\"https:\\\/\\\/solucions-empresarials.com\\\/wp-admin\\\/admin-ajax.php\",\"settings\":{\"layout\":{\"labelPlacement\":\"top\",\"helpMessagePlacement\":\"with_label\",\"errorMessagePlacement\":\"inline\",\"cssClassName\":\"\",\"asteriskPlacement\":\"asterisk-right\"},\"restrictions\":{\"denyEmptySubmission\":{\"enabled\":false}}},\"form_instance\":\"ff_form_instance_3_1\",\"form_id_selector\":\"fluentform_3\",\"rules\":{\"names[first_name]\":{\"required\":{\"value\":true,\"message\":\"Aquest camp \\u00e9s obligatori\",\"global_message\":\"This field is required\",\"global\":false}},\"names[middle_name]\":{\"required\":{\"value\":false,\"message\":\"This field is required\",\"global_message\":\"This field is required\",\"global\":true}},\"names[last_name]\":{\"required\":{\"value\":false,\"message\":\"This field is required\",\"global_message\":\"This field is required\",\"global\":true}},\"email\":{\"required\":{\"value\":true,\"message\":\"Aquest camp \\u00e9s obligatori\",\"global_message\":\"This field is required\",\"global\":false},\"email\":{\"value\":true,\"message\":\"Aquest camp ha de contenir un correu electr\\u00f2nic v\\u00e0lid\",\"global_message\":\"This field must contain a valid email\",\"global\":false}},\"phone\":{\"required\":{\"value\":false,\"message\":\"This field is required\",\"global\":false,\"global_message\":\"This field is required\"},\"valid_phone_number\":{\"value\":false,\"message\":\"Phone number is not valid\",\"global\":false,\"global_message\":\"Phone number is not valid\"}},\"input_text\":{\"required\":{\"value\":false,\"message\":\"This field is required\",\"global_message\":\"This field is required\",\"global\":true}},\"description\":{\"required\":{\"value\":true,\"message\":\"Aquest camp \\u00e9s obligatori\",\"global_message\":\"This field is required\",\"global\":false}},\"terms-n-condition\":{\"required\":{\"value\":false,\"message\":\"This field is required\",\"global_message\":\"This field is required\",\"global\":true}}},\"debounce_time\":300};\n                            <\/script>\n            <\/div>\n\n\t\t<\/div><\/div><\/div><\/section>\n\n<section id=\"section-13-292\" class=\" ct-section section-py-0\" ><div class=\"ct-section-inner-wrap\"><div id=\"code_block-17-292\" class=\"ct-code-block acf-map\" ><style type=\"text\/css\">\n.acf-map {\n    width: 100%;\n    height: 400px;\n    border: #ccc solid 1px;\n    margin: 20px 0;\n}\n\n\/\/ Fixes potential theme css conflict.\n.acf-map img {\n   max-width: inherit !important;\n}\n<\/style>\n<script src=\"https:\/\/maps.googleapis.com\/maps\/api\/js?key=AIzaSyCGbeCC6XZzWcK-VMr46HCHrJsCgB8gRdU&callback=Function.prototype\"><\/script>\n<script type=\"text\/javascript\">\n(function( $ ) {\n\n\/**\n * initMap\n *\n * Renders a Google Map onto the selected jQuery element\n *\n * @date    22\/10\/19\n * @since   5.8.6\n *\n * @param   jQuery $el The jQuery element.\n * @return  object The map instance.\n *\/\nfunction initMap( $el ) {\n\n    \/\/ Find marker elements within map.\n    var $markers = $el.find('.marker');\n\n    \/\/ Create generic map.\n    var mapArgs = {\n        zoom        : $el.data('zoom') || 16,\n        mapTypeId   : google.maps.MapTypeId.ROADMAP\n    };\n    var map = new google.maps.Map( $el[0], mapArgs );\n\n    \/\/ Add markers.\n    map.markers = [];\n    $markers.each(function(){\n        initMarker( $(this), map );\n    });\n\n    \/\/ Center map based on markers.\n    centerMap( map );\n\n    \/\/ Return map instance.\n    return map;\n}\n\n\/**\n * initMarker\n *\n * Creates a marker for the given jQuery element and map.\n *\n * @date    22\/10\/19\n * @since   5.8.6\n *\n * @param   jQuery $el The jQuery element.\n * @param   object The map instance.\n * @return  object The marker instance.\n *\/\nfunction initMarker( $marker, map ) {\n\n    \/\/ Get position from marker.\n    var lat = $marker.data('lat');\n    var lng = $marker.data('lng');\n    var latLng = {\n        lat: parseFloat( lat ),\n        lng: parseFloat( lng )\n    };\n\n    \/\/ Create marker instance.\n    var marker = new google.maps.Marker({\n        position : latLng,\n        map: map\n    });\n\n    \/\/ Append to reference for later use.\n    map.markers.push( marker );\n}\n\n\/**\n * centerMap\n *\n * Centers the map showing all markers in view.\n *\n * @date    22\/10\/19\n * @since   5.8.6\n *\n * @param   object The map instance.\n * @return  void\n *\/\nfunction centerMap( map ) {\n\n    \/\/ Create map boundaries from all map markers.\n    var bounds = new google.maps.LatLngBounds();\n    map.markers.forEach(function( marker ){\n        bounds.extend({\n            lat: marker.position.lat(),\n            lng: marker.position.lng()\n        });\n    });\n\n    \/\/ Case: Single marker.\n    if( map.markers.length == 1 ){\n        map.setCenter( bounds.getCenter() );\n\n    \/\/ Case: Multiple markers.\n    } else{\n        map.fitBounds( bounds );\n    }\n}\n\n\/\/ Render maps on page load.\n$(document).ready(function(){\n    $('.acf-map').each(function(){\n        var map = initMap( $(this) );\n    });\n});\n\n})(jQuery);\n<\/script>\n\n                    <div class=\"marker\" data-lat=\"41.2241953\" data-lng=\"1.7366778\"><\/div>\n                            <div class=\"marker\" data-lat=\"41.7305731\" data-lng=\"1.8335775\"><\/div>\n            <\/div><\/div><\/section>","protected":false},"excerpt":{"rendered":"","protected":false},"author":1,"featured_media":0,"parent":0,"menu_order":0,"comment_status":"closed","ping_status":"open","template":"","meta":{"_acf_changed":false,"footnotes":""},"class_list":["post-15","page","type-page","status-publish","hentry"],"acf":[],"_links":{"self":[{"href":"https:\/\/solucions-empresarials.com\/ca\/wp-json\/wp\/v2\/pages\/15","targetHints":{"allow":["GET"]}}],"collection":[{"href":"https:\/\/solucions-empresarials.com\/ca\/wp-json\/wp\/v2\/pages"}],"about":[{"href":"https:\/\/solucions-empresarials.com\/ca\/wp-json\/wp\/v2\/types\/page"}],"author":[{"embeddable":true,"href":"https:\/\/solucions-empresarials.com\/ca\/wp-json\/wp\/v2\/users\/1"}],"replies":[{"embeddable":true,"href":"https:\/\/solucions-empresarials.com\/ca\/wp-json\/wp\/v2\/comments?post=15"}],"version-history":[{"count":3,"href":"https:\/\/solucions-empresarials.com\/ca\/wp-json\/wp\/v2\/pages\/15\/revisions"}],"predecessor-version":[{"id":519,"href":"https:\/\/solucions-empresarials.com\/ca\/wp-json\/wp\/v2\/pages\/15\/revisions\/519"}],"wp:attachment":[{"href":"https:\/\/solucions-empresarials.com\/ca\/wp-json\/wp\/v2\/media?parent=15"}],"curies":[{"name":"wp","href":"https:\/\/api.w.org\/{rel}","templated":true}]}}