{"id":186,"date":"2024-05-08T14:52:20","date_gmt":"2024-05-08T14:52:20","guid":{"rendered":"https:\/\/solucions-empresarials.com\/?page_id=186"},"modified":"2025-09-29T12:54:06","modified_gmt":"2025-09-29T12:54:06","slug":"formacions-a-mida","status":"publish","type":"page","link":"https:\/\/solucions-empresarials.com\/ca\/formacions-a-mida\/","title":{"rendered":"Formacions a mida"},"content":{"rendered":"<section id=\"section-2-132\" class=\" ct-section bg\" ><div class=\"ct-section-inner-wrap\"><div id=\"div_block-3-132\" class=\"ct-div-block grid grid-cols-2 gap-16 lg-grid-cols-1\" ><div id=\"div_block-4-132\" class=\"ct-div-block gap-6 my-auto\" ><h1 id=\"headline-5-132\" class=\"ct-headline font-semibold text-4xl\">Formacions a mida<\/h1><h2 id=\"headline-17-132\" class=\"ct-headline text-xl color-primary text-left font-semibold\">El benestar i creixement personal \u00e9s un valor afegit per l\u2019empresa<\/h2><div id=\"text_block-9-132\" class=\"ct-text-block color-paragraph font-medium color-black\" >A la nostra empresa, oferim formacions in company completament adaptades a les necessitats del teu negoci. Treballem amb el teu equip per dissenyar programes espec\u00edfics que potenci\u00efn les habilitats clau per a l'\u00e8xit de la teva empresa. Comptem amb els millors professionals formadors en cada especialitat, assegurant un ensenyament de qualitat i d'acord amb les exig\u00e8ncies del sector. Ja sigui en idiomes, habilitats professionals o t\u00e8cniques, garantim un aprenentatge pr\u00e0ctic i efectiu. Ajudem la teva empresa a cr\u00e9ixer a trav\u00e9s de la formaci\u00f3! <\/div><\/div><div id=\"div_block-12-132\" class=\"ct-div-block lg-order-first\" ><img decoding=\"async\"  id=\"image-13-132\" alt=\"\" src=\"https:\/\/solucions-empresarials.com\/wp-content\/uploads\/2025\/06\/business-discussions-a-cropped-view-of-a-business-2025-04-06-09-01-45-utc-1.jpg\" class=\"ct-image w-full h-full rounded-lg\"\/><\/div><\/div><\/div><\/section>\n\n<section id=\"section-2-134\" class=\" ct-section bg section-py-sm\" ><div class=\"ct-section-inner-wrap\"><div id=\"div_block-7-134\" class=\"ct-div-block w-full mb-6 py-4\" ><h2 id=\"headline-14-345\" class=\"ct-headline mb-12 color-dark text-4xl\">Descripci\u00f3 del servei<\/h2><\/div><div id=\"div_block-9-134\" class=\"ct-div-block w-full mb-12\" ><div id=\"div_block-3-134\" class=\"ct-div-block\" ><div id=\"_rich_text-4-134\" class=\"oxy-rich-text\" ><ul>\n<li>\n<h3>Reuni&oacute; online personalitzada o trucada del t&egrave;cnic especialista en la mat&egrave;ria per tal d&rsquo;avaluar la situaci&oacute; actual.<\/h3>\n<\/li>\n<li>\n<h3>Identificaci&oacute; i avaluaci&oacute; de les fortaleses, febleses i coneixement previ de la mat&egrave;ria a impartir.<\/h3>\n<\/li>\n<li>\n<h3>Identificaci&oacute; i an&agrave;lisis dels punts de millora.<\/h3>\n<\/li>\n<li>\n<h3>Autoconeixement i autocr&iacute;tica. &ldquo;Soft Skills&rdquo;.<\/h3>\n<\/li>\n<li>\n<h3>Identificar els valors de l&rsquo;empresa.<\/h3>\n<\/li>\n<li>\n<h3>Disseny d&rsquo;un programa espec&iacute;fic per a la teva empresa.<\/h3>\n<\/li>\n<li>\n<h3>Definici&oacute; d&rsquo;objectius i creaci&oacute; de de plans d&rsquo;acci&oacute;.<\/h3>\n<\/li>\n<li>\n<h3>Expedici&oacute; del certificat corresponent per cada participant com a centre de formaci&oacute;.<\/h3>\n<\/li>\n<\/ul><\/div><\/div><\/div><div id=\"div_block-11-134\" class=\"ct-div-block w-full pt-4\" ><div id=\"text_block-20-134\" class=\"ct-text-block text-xl font-medium color-dark\" >Una vegada definides les necessitats i punts de millora, l\u2019especialista dissenyar\u00e0 i crear\u00e0 un programa a mida per la vostra empresa i dur\u00e0 a terme la formaci\u00f3. Es treballaran principalment les \u201csoft skills\u201d corresponents per tal d\u2019assolir els millors resultats a nivell personal i conseq\u00fcentment, a nivell d\u2019empresa.<\/div><\/div><div id=\"code_block-12-345\" class=\"ct-code-block\" ><\/div><\/div><\/section>\n\n \r\n<section class=\"section-py-sm\"> \r\n  <div class=\"ct-section-inner-wrap\"> \r\n     \r\n      <h2 class=\"ct-headline text-4xl mb-12 color-dark text-center mx-auto\"> \r\n        Serveis i formacions a mida \r\n      <\/h2> \r\n     \r\n     \r\n      <div class=\"grid grid-cols-3 gap-6 md-grid-cols-2 sm-grid-cols-1\"> \r\n         \r\n        <div class=\"h-full border-px border-color rounded p-4 gap-4 flex flex-col\"> \r\n           \r\n            <div class=\"serveis-thumbnail\"> \r\n              <img loading=\"lazy\" decoding=\"async\" width=\"2140\" height=\"1427\" src=\"https:\/\/solucions-empresarials.com\/wp-content\/uploads\/2024\/07\/coaching-empresarial-equip-en-sessio.jpg\" class=\"attachment-full size-full wp-post-image\" alt=\"Sessi\u00f3 de coaching empresarial amb una coach professional dirigint una reuni\u00f3 d\u2019equip en un entorn d\u2019oficina, fomentant la participaci\u00f3 i el desenvolupament personal.\" style=\"max-width:100%; height:auto; object-fit:cover; aspect-ratio:16\/9;\" srcset=\"https:\/\/solucions-empresarials.com\/wp-content\/uploads\/2024\/07\/coaching-empresarial-equip-en-sessio.jpg 2140w, https:\/\/solucions-empresarials.com\/wp-content\/uploads\/2024\/07\/coaching-empresarial-equip-en-sessio-300x200.jpg 300w, https:\/\/solucions-empresarials.com\/wp-content\/uploads\/2024\/07\/coaching-empresarial-equip-en-sessio-1024x683.jpg 1024w, https:\/\/solucions-empresarials.com\/wp-content\/uploads\/2024\/07\/coaching-empresarial-equip-en-sessio-768x512.jpg 768w, https:\/\/solucions-empresarials.com\/wp-content\/uploads\/2024\/07\/coaching-empresarial-equip-en-sessio-1536x1024.jpg 1536w, https:\/\/solucions-empresarials.com\/wp-content\/uploads\/2024\/07\/coaching-empresarial-equip-en-sessio-2048x1366.jpg 2048w\" sizes=\"auto, (max-width: 2140px) 100vw, 2140px\" \/> \r\n            <\/div> \r\n           \r\n          <h3 class=\"text-2xl color-dark\">Coaching empresarial<\/h3> \r\n          <a class=\"ct-link-button btn-primary mt-auto\" href=\"https:\/\/solucions-empresarials.com\/ca\/serveis\/coaching-empresarial\/\"> \r\n            Saber m\u00e9s \r\n          <\/a> \r\n        <\/div> \r\n         \r\n        <div class=\"h-full border-px border-color rounded p-4 gap-4 flex flex-col\"> \r\n           \r\n            <div class=\"serveis-thumbnail\"> \r\n              <img loading=\"lazy\" decoding=\"async\" width=\"1424\" height=\"949\" src=\"https:\/\/solucions-empresarials.com\/wp-content\/uploads\/2024\/07\/equip-divers-cohesionat.jpg\" class=\"attachment-full size-full wp-post-image\" alt=\"Equip de professionals diversos unint les mans amb actitud positiva, simbolitzant la cohesi\u00f3, la col\u00b7laboraci\u00f3 i la confian\u00e7a dins l\u2019entorn empresarial.\" style=\"max-width:100%; height:auto; object-fit:cover; aspect-ratio:16\/9;\" srcset=\"https:\/\/solucions-empresarials.com\/wp-content\/uploads\/2024\/07\/equip-divers-cohesionat.jpg 1424w, https:\/\/solucions-empresarials.com\/wp-content\/uploads\/2024\/07\/equip-divers-cohesionat-300x200.jpg 300w, https:\/\/solucions-empresarials.com\/wp-content\/uploads\/2024\/07\/equip-divers-cohesionat-1024x682.jpg 1024w, https:\/\/solucions-empresarials.com\/wp-content\/uploads\/2024\/07\/equip-divers-cohesionat-768x512.jpg 768w\" sizes=\"auto, (max-width: 1424px) 100vw, 1424px\" \/> \r\n            <\/div> \r\n           \r\n          <h3 class=\"text-2xl color-dark\">Cohesi\u00f3 d\u2019Equips<\/h3> \r\n          <a class=\"ct-link-button btn-primary mt-auto\" href=\"https:\/\/solucions-empresarials.com\/ca\/serveis\/cohesio-dequips\/\"> \r\n            Saber m\u00e9s \r\n          <\/a> \r\n        <\/div> \r\n         \r\n        <div class=\"h-full border-px border-color rounded p-4 gap-4 flex flex-col\"> \r\n           \r\n            <div class=\"serveis-thumbnail\"> \r\n              <img loading=\"lazy\" decoding=\"async\" width=\"2103\" height=\"1402\" src=\"https:\/\/solucions-empresarials.com\/wp-content\/uploads\/2024\/07\/lideratge-directiu-sessio-equip.jpg\" class=\"attachment-full size-full wp-post-image\" alt=\"professional amb actitud positiva dirigint una sessi\u00f3 de lideratge amb un grup de participants al fons, en un entorn de formaci\u00f3 empresarial.\" style=\"max-width:100%; height:auto; object-fit:cover; aspect-ratio:16\/9;\" srcset=\"https:\/\/solucions-empresarials.com\/wp-content\/uploads\/2024\/07\/lideratge-directiu-sessio-equip.jpg 2103w, https:\/\/solucions-empresarials.com\/wp-content\/uploads\/2024\/07\/lideratge-directiu-sessio-equip-300x200.jpg 300w, https:\/\/solucions-empresarials.com\/wp-content\/uploads\/2024\/07\/lideratge-directiu-sessio-equip-1024x683.jpg 1024w, https:\/\/solucions-empresarials.com\/wp-content\/uploads\/2024\/07\/lideratge-directiu-sessio-equip-768x512.jpg 768w, https:\/\/solucions-empresarials.com\/wp-content\/uploads\/2024\/07\/lideratge-directiu-sessio-equip-1536x1024.jpg 1536w, https:\/\/solucions-empresarials.com\/wp-content\/uploads\/2024\/07\/lideratge-directiu-sessio-equip-2048x1365.jpg 2048w\" sizes=\"auto, (max-width: 2103px) 100vw, 2103px\" \/> \r\n            <\/div> \r\n           \r\n          <h3 class=\"text-2xl color-dark\">Habilitats Directives i Lideratge<\/h3> \r\n          <a class=\"ct-link-button btn-primary mt-auto\" href=\"https:\/\/solucions-empresarials.com\/ca\/serveis\/habilitats-directives-i-lideratge\/\"> \r\n            Saber m\u00e9s \r\n          <\/a> \r\n        <\/div> \r\n         \r\n        <div class=\"h-full border-px border-color rounded p-4 gap-4 flex flex-col\"> \r\n           \r\n            <div class=\"serveis-thumbnail\"> \r\n              <img loading=\"lazy\" decoding=\"async\" width=\"2308\" height=\"1538\" src=\"https:\/\/solucions-empresarials.com\/wp-content\/uploads\/2024\/07\/gestio-eficient-del-temps-programacio.jpg\" class=\"attachment-full size-full wp-post-image\" alt=\"Persona consultant un calendari digital en una tauleta, planificant tasques i viatges laborals per optimitzar la gesti\u00f3 del temps.\" style=\"max-width:100%; height:auto; object-fit:cover; aspect-ratio:16\/9;\" srcset=\"https:\/\/solucions-empresarials.com\/wp-content\/uploads\/2024\/07\/gestio-eficient-del-temps-programacio.jpg 2308w, https:\/\/solucions-empresarials.com\/wp-content\/uploads\/2024\/07\/gestio-eficient-del-temps-programacio-300x200.jpg 300w, https:\/\/solucions-empresarials.com\/wp-content\/uploads\/2024\/07\/gestio-eficient-del-temps-programacio-1024x682.jpg 1024w, https:\/\/solucions-empresarials.com\/wp-content\/uploads\/2024\/07\/gestio-eficient-del-temps-programacio-768x512.jpg 768w, https:\/\/solucions-empresarials.com\/wp-content\/uploads\/2024\/07\/gestio-eficient-del-temps-programacio-1536x1024.jpg 1536w, https:\/\/solucions-empresarials.com\/wp-content\/uploads\/2024\/07\/gestio-eficient-del-temps-programacio-2048x1365.jpg 2048w\" sizes=\"auto, (max-width: 2308px) 100vw, 2308px\" \/> \r\n            <\/div> \r\n           \r\n          <h3 class=\"text-2xl color-dark\">Gesti\u00f3 del temps<\/h3> \r\n          <a class=\"ct-link-button btn-primary mt-auto\" href=\"https:\/\/solucions-empresarials.com\/ca\/serveis\/gestio-del-temps\/\"> \r\n            Saber m\u00e9s \r\n          <\/a> \r\n        <\/div> \r\n         \r\n        <div class=\"h-full border-px border-color rounded p-4 gap-4 flex flex-col\"> \r\n           \r\n            <div class=\"serveis-thumbnail\"> \r\n              <img loading=\"lazy\" decoding=\"async\" width=\"1589\" height=\"1187\" src=\"https:\/\/solucions-empresarials.com\/wp-content\/uploads\/2024\/07\/tecniques-negociacio-acord-empresa.jpg\" class=\"attachment-full size-full wp-post-image\" alt=\"Professionals en una reuni\u00f3 empresarial tancant un acord amb una encaixada de mans, simbolitzant una negociaci\u00f3 exitosa i col\u00b7laborativa.\" style=\"max-width:100%; height:auto; object-fit:cover; aspect-ratio:16\/9;\" srcset=\"https:\/\/solucions-empresarials.com\/wp-content\/uploads\/2024\/07\/tecniques-negociacio-acord-empresa.jpg 1589w, https:\/\/solucions-empresarials.com\/wp-content\/uploads\/2024\/07\/tecniques-negociacio-acord-empresa-300x224.jpg 300w, https:\/\/solucions-empresarials.com\/wp-content\/uploads\/2024\/07\/tecniques-negociacio-acord-empresa-1024x765.jpg 1024w, https:\/\/solucions-empresarials.com\/wp-content\/uploads\/2024\/07\/tecniques-negociacio-acord-empresa-768x574.jpg 768w, https:\/\/solucions-empresarials.com\/wp-content\/uploads\/2024\/07\/tecniques-negociacio-acord-empresa-1536x1147.jpg 1536w\" sizes=\"auto, (max-width: 1589px) 100vw, 1589px\" \/> \r\n            <\/div> \r\n           \r\n          <h3 class=\"text-2xl color-dark\">T\u00e8cniques de negociaci\u00f3<\/h3> \r\n          <a class=\"ct-link-button btn-primary mt-auto\" href=\"https:\/\/solucions-empresarials.com\/ca\/serveis\/tecniques-de-negociacio\/\"> \r\n            Saber m\u00e9s \r\n          <\/a> \r\n        <\/div> \r\n         \r\n        <div class=\"h-full border-px border-color rounded p-4 gap-4 flex flex-col\"> \r\n           \r\n            <div class=\"serveis-thumbnail\"> \r\n              <img loading=\"lazy\" decoding=\"async\" width=\"1929\" height=\"1212\" src=\"https:\/\/solucions-empresarials.com\/wp-content\/uploads\/2024\/07\/formacio-empresarial-coaching-soft-skills.jpg\" class=\"attachment-full size-full wp-post-image\" alt=\"Sessi\u00f3 formativa en una empresa amb una coach explicant davant d\u2019un grup de professionals; un assistent aixeca la m\u00e0 per participar mentre treballa amb un ordinador port\u00e0til.\" style=\"max-width:100%; height:auto; object-fit:cover; aspect-ratio:16\/9;\" srcset=\"https:\/\/solucions-empresarials.com\/wp-content\/uploads\/2024\/07\/formacio-empresarial-coaching-soft-skills.jpg 1929w, https:\/\/solucions-empresarials.com\/wp-content\/uploads\/2024\/07\/formacio-empresarial-coaching-soft-skills-300x188.jpg 300w, https:\/\/solucions-empresarials.com\/wp-content\/uploads\/2024\/07\/formacio-empresarial-coaching-soft-skills-1024x643.jpg 1024w, https:\/\/solucions-empresarials.com\/wp-content\/uploads\/2024\/07\/formacio-empresarial-coaching-soft-skills-768x483.jpg 768w, https:\/\/solucions-empresarials.com\/wp-content\/uploads\/2024\/07\/formacio-empresarial-coaching-soft-skills-1536x965.jpg 1536w\" sizes=\"auto, (max-width: 1929px) 100vw, 1929px\" \/> \r\n            <\/div> \r\n           \r\n          <h3 class=\"text-2xl color-dark\">Altres: Gesti\u00f3 de l\u2019estr\u00e8s, Intel\u00b7lig\u00e8ncia emocional, habilitats comunicatives, atenci\u00f3 al client...<\/h3> \r\n          <a class=\"ct-link-button btn-primary mt-auto\" href=\"https:\/\/solucions-empresarials.com\/ca\/serveis\/altres-gestio-de-lestres-intelligencia-emocional-habilitats-comunicatives-atencio-al-client\/\"> \r\n            Saber m\u00e9s \r\n          <\/a> \r\n        <\/div> \r\n         \r\n      <\/div> \r\n    <\/div> \r\n<\/section> \r\n \r\n\n","protected":false},"excerpt":{"rendered":"","protected":false},"author":3,"featured_media":0,"parent":0,"menu_order":0,"comment_status":"closed","ping_status":"closed","template":"","meta":{"_acf_changed":false,"footnotes":""},"class_list":["post-186","page","type-page","status-publish","hentry"],"acf":[],"_links":{"self":[{"href":"https:\/\/solucions-empresarials.com\/ca\/wp-json\/wp\/v2\/pages\/186","targetHints":{"allow":["GET"]}}],"collection":[{"href":"https:\/\/solucions-empresarials.com\/ca\/wp-json\/wp\/v2\/pages"}],"about":[{"href":"https:\/\/solucions-empresarials.com\/ca\/wp-json\/wp\/v2\/types\/page"}],"author":[{"embeddable":true,"href":"https:\/\/solucions-empresarials.com\/ca\/wp-json\/wp\/v2\/users\/3"}],"replies":[{"embeddable":true,"href":"https:\/\/solucions-empresarials.com\/ca\/wp-json\/wp\/v2\/comments?post=186"}],"version-history":[{"count":23,"href":"https:\/\/solucions-empresarials.com\/ca\/wp-json\/wp\/v2\/pages\/186\/revisions"}],"predecessor-version":[{"id":18911,"href":"https:\/\/solucions-empresarials.com\/ca\/wp-json\/wp\/v2\/pages\/186\/revisions\/18911"}],"wp:attachment":[{"href":"https:\/\/solucions-empresarials.com\/ca\/wp-json\/wp\/v2\/media?parent=186"}],"curies":[{"name":"wp","href":"https:\/\/api.w.org\/{rel}","templated":true}]}}