{"id":239,"date":"2024-05-08T17:22:47","date_gmt":"2024-05-08T17:22:47","guid":{"rendered":"https:\/\/solucions-empresarials.com\/?page_id=239"},"modified":"2025-09-29T18:47:02","modified_gmt":"2025-09-29T18:47:02","slug":"departament-de-bonificacions","status":"publish","type":"page","link":"https:\/\/solucions-empresarials.com\/ca\/departament-de-bonificacions\/","title":{"rendered":"Departament de bonificacions"},"content":{"rendered":"<section id=\"section-2-132\" class=\" ct-section bg\" ><div class=\"ct-section-inner-wrap\"><div id=\"div_block-3-132\" class=\"ct-div-block grid grid-cols-2 gap-16 lg-grid-cols-1\" ><div id=\"div_block-4-132\" class=\"ct-div-block gap-6 my-auto\" ><h1 id=\"headline-5-132\" class=\"ct-headline font-semibold text-4xl\">Departament de bonificacions<\/h1><h2 id=\"headline-17-132\" class=\"ct-headline text-xl color-primary text-left font-semibold\">El benestar i creixement personal \u00e9s un valor afegit per l\u2019empresa<\/h2><div id=\"text_block-9-132\" class=\"ct-text-block color-paragraph font-medium color-black\" ><div>Som una empresa especialitzada en formaci\u00f3 bonificada, dedicada a ajudar altres organitzacions a millorar les compet\u00e8ncies dels seus equips mitjan\u00e7ant cursos subvencionats. El nostre objectiu \u00e9s facilitar l\u2019acc\u00e9s a una formaci\u00f3 de qualitat, adaptant-nos a les necessitats espec\u00edfiques de cada empresa. Comptem amb un equip expert que gestiona tot el proc\u00e9s perqu\u00e8 les empreses aprofitin al m\u00e0xim els beneficis de la formaci\u00f3 bonificada.<\/div><div><br><\/div><div>Per complir amb tots els requisits de la normativa en formaci\u00f3 bonificada, disposem dels nostres propis departaments especialitzats en:<\/div><div><br><\/div><div>- ADMINISTRACI\u00d3 I GESTI\u00d3 DOCUMENTAL.&nbsp;<\/div><div>- TUTORIES I ATENCI\u00d3 ALS ALUMNES.&nbsp;<\/div><div>- CREADORS DE CONTINGUTS FORMATIUS.&nbsp;<\/div><div>- PLATAFORMA HOMOLOGADA DE TELEFORMACI\u00d3.<\/div><\/div><\/div><div id=\"div_block-12-132\" class=\"ct-div-block lg-order-first\" ><img decoding=\"async\"  id=\"image-13-132\" alt=\"\" src=\"https:\/\/solucions-empresarials.com\/wp-content\/uploads\/2025\/06\/analyzing-project-statistics-2024-10-22-07-14-27-utc-1.jpg\" class=\"ct-image w-full h-full rounded-lg\"\/><\/div><\/div><\/div><\/section>\n\n<div id=\"code_block-28-134\" class=\"ct-code-block\" ><\/div><section id=\"section-2-134\" class=\" ct-section bg section-py-sm\" ><div class=\"ct-section-inner-wrap\"><div id=\"div_block-7-134\" class=\"ct-div-block w-full mb-6 py-4\" ><h2 id=\"headline-31-134\" class=\"ct-headline mb-12 color-dark text-4xl\">Descripci\u00f3 del servei<\/h2><\/div><div id=\"div_block-9-134\" class=\"ct-div-block w-full mb-12\" ><div id=\"div_block-3-134\" class=\"ct-div-block\" ><div id=\"_rich_text-4-134\" class=\"oxy-rich-text\" ><p>Gestionem tota la documentaci&oacute; necess&agrave;ria per a la gesti&oacute; dels cursos de formaci&oacute; bonificada a trav&eacute;s de FUNDAE. Disposem d&rsquo;una plataforma homologada que compleix amb tota la normativa vigent, garantint la m&agrave;xima seguretat i transpar&egrave;ncia en el proc&eacute;s. A m&eacute;s, enviem a les gestories la documentaci&oacute; requerida perqu&egrave; es puguin realitzar tots els tr&agrave;mits de manera correcta i sense complicacions.<\/p><\/div><\/div><div id=\"div_block-32-134\" class=\"ct-div-block h-full\" ><div id=\"div_block-35-134\" class=\"ct-div-block\" ><img decoding=\"async\"  id=\"image-39-134\" alt=\"\" src=\"https:\/\/solucions-empresarials.com\/wp-content\/uploads\/2025\/06\/a-man-sits-at-his-desk-at-home-at-night-working-o-2025-02-15-20-38-29-utc-1-scaled.jpg\" class=\"ct-image rounded-lg\"\/><\/div><\/div><\/div><div id=\"div_block-11-134\" class=\"ct-div-block w-full pt-4\" ><div id=\"_rich_text-38-134\" class=\"oxy-rich-text color-dark text-xl font-medium\" ><p>Experts en implantar normativa a les empreses: Pimes i aut&ograve;noms de tots els sectors; el nostre prop&ograve;sit &eacute;s aconseguir que els nostres clients es sentin assessorats, segurs i protegits; donant resposta de forma r&agrave;pida i professional en tot moment.<\/p>\n<p>El fet de ser Juristes especialistes ens permet poder defensar i acompanyar als nostres clients davant de qualsevol dubte i\/o incid&egrave;ncia en forma de den&uacute;ncia per part d&rsquo;un afectat o b&eacute; davant d&rsquo;una possible inspecci&oacute; de les autoritats pertinents.<br \/>(<a class=\"color-primary\" href=\"https:\/\/www.aepd.es\/\" target=\"_blank\" rel=\"noopener\">www.aepd.es<\/a> i \/o <a class=\"color-primary\" href=\"https:\/\/apdcat.gencat.cat\/ca\/inici\" target=\"_blank\" rel=\"noopener\">www.apdcat.cat<\/a>).<\/p><\/div><\/div><\/div><\/section>\n\n \r\n<section class=\"section-py-sm\"> \r\n  <div class=\"ct-section-inner-wrap\"> \r\n     \r\n      <h2 class=\"ct-headline text-4xl mb-12 color-dark text-center mx-auto\"> \r\n        DEPARTAMENT DE FORMACI\u00d3 BONIFICADA PER EMPRESES \r\n      <\/h2> \r\n     \r\n     \r\n\n","protected":false},"excerpt":{"rendered":"","protected":false},"author":3,"featured_media":0,"parent":0,"menu_order":0,"comment_status":"closed","ping_status":"closed","template":"","meta":{"_acf_changed":false,"footnotes":""},"class_list":["post-239","page","type-page","status-publish","hentry"],"acf":[],"_links":{"self":[{"href":"https:\/\/solucions-empresarials.com\/ca\/wp-json\/wp\/v2\/pages\/239","targetHints":{"allow":["GET"]}}],"collection":[{"href":"https:\/\/solucions-empresarials.com\/ca\/wp-json\/wp\/v2\/pages"}],"about":[{"href":"https:\/\/solucions-empresarials.com\/ca\/wp-json\/wp\/v2\/types\/page"}],"author":[{"embeddable":true,"href":"https:\/\/solucions-empresarials.com\/ca\/wp-json\/wp\/v2\/users\/3"}],"replies":[{"embeddable":true,"href":"https:\/\/solucions-empresarials.com\/ca\/wp-json\/wp\/v2\/comments?post=239"}],"version-history":[{"count":13,"href":"https:\/\/solucions-empresarials.com\/ca\/wp-json\/wp\/v2\/pages\/239\/revisions"}],"predecessor-version":[{"id":18967,"href":"https:\/\/solucions-empresarials.com\/ca\/wp-json\/wp\/v2\/pages\/239\/revisions\/18967"}],"wp:attachment":[{"href":"https:\/\/solucions-empresarials.com\/ca\/wp-json\/wp\/v2\/media?parent=239"}],"curies":[{"name":"wp","href":"https:\/\/api.w.org\/{rel}","templated":true}]}}