{"id":363,"date":"2024-07-02T12:35:05","date_gmt":"2024-07-02T12:35:05","guid":{"rendered":"https:\/\/solucions-empresarials.com\/?page_id=363"},"modified":"2024-07-05T08:22:56","modified_gmt":"2024-07-05T08:22:56","slug":"politica-de-privadesa","status":"publish","type":"page","link":"https:\/\/solucions-empresarials.com\/ca\/politica-de-privadesa\/","title":{"rendered":"Pol\u00edtica de Privadesa"},"content":{"rendered":"\n<p>NORMATIVES I SOLUCIONS EMPRESARIALS, S. L. en compliment del Reglament General de Protecci\u00f3 de Dades de la Uni\u00f3 Europea (RGPD), Reglament UE 2016\/679 del Parlament Europeu i de Consell de 27 d'abril de 2016, aix\u00ed com la Llei Org\u00e0nica 3\/2018 de 5 de Desembre de Protecci\u00f3 de dades i Garantia dels Drets Digitals i en atenci\u00f3 al principi de transpar\u00e8ncia, posa a la vostra disposici\u00f3 informaci\u00f3 rellevant sobre el tractament de dades personals, per tal de donar a con\u00e8ixer en tot moment, com tractem les<br>dades, amb quina finalitat i els drets corresponents.<\/p>\n\n\n\n<p><br><strong>RESPONSABLE DEL TRACTAMENT:<\/strong> NORMATIVES I SOLUCIONS EMPRESARIALS, S. L. - B66544693 , amb domicili a Ctra. de Vic, 136, bajos . 08243 Manresa . Tel\u00e8fon <a href=\"tel:931735864\" data-type=\"tel\" data-id=\"tel:931735864\">931735864<\/a> i mail: <a href=\"mailto:info@solucionsempresarials.com\" target=\"_blank\" rel=\"noreferrer noopener\">info@solucionsempresarials.com<\/a><\/p>\n\n\n\n<p><br><strong>FINALITAT<\/strong><br>La finalitat de la creaci\u00f3, exist\u00e8ncia i manteniment \u00e9s el tractament de les dades amb exclusius fins de de poder fer efectiu el nostre servei, i realitzar la facturaci\u00f3 del mateix.<\/p>\n\n\n\n<p><br><strong>LEGITIMACI\u00d3<\/strong><br>La base legal per al tractament de les seves dades \u00e9s l'execuci\u00f3 de la relaci\u00f3 contractual entre el titular de la dada i el responsable del tractament i la informaci\u00f3 personal es conservar\u00e0 mentre es mantingui la relaci\u00f3 contractual o durant el temps estrictament necessari per complir amb les obligacions legals.<\/p>\n\n\n\n<p><br><strong>PER\u00cdODE DE CONSERVACI\u00d3<\/strong><br>Les dades proporcionades es conservaran mentre es mantingui la prestaci\u00f3 del servei o durant els anys necessaris per complir amb les obligacions legals<\/p>\n\n\n\n<p><br><strong>DESTINATARIS<\/strong><br>Mentre duri el tractament de les dades de l'interessa t NORMATIVES I SOLUCIONS EMPRESARIALS, S. L. no cedir\u00e0 les dades a tercers, llevat que hi hagi obligaci\u00f3 legal. En els sup\u00f2sits que, per a la realitzaci\u00f3 de tractaments de tipus administratiu, fiscal, comptable i \/ o comercial, es compti amb els serveis de tercers, es formalitzar\u00e0 degudament el preceptiu contracte d'encarregat de tractament, amb la finalitat de garantir la seguretat i confidencialitat de les dades de l'interessat davant de tercers.<\/p>\n\n\n\n<p><br><strong>DRETS<\/strong><br>Les persones interessades tenen dret a accedir a les seves dades de car\u00e0cter personal, aix\u00ed com a sol\u00b7licitar-ne la rectificaci\u00f3 de les inexactes o, si escau, sol\u00b7licitar la supressi\u00f3 quan, entre d'altres motius, les dades ja no siguin necessaries per a la finalitat que van ser lliurades, aix\u00ed com retirar el consentiment atorgat. L'exercici d'oposici\u00f3 al tractament de les seves dades per a l'enviament d'informaci\u00f3 publicit\u00e0ria per via electr\u00f2nica. Tamb\u00e9 pot exercir el seu dret a la limitaci\u00f3 del tractament, de manera que les seves dades no seran suprimides per\u00f2 el tractament de les mateixes estar\u00e0 subjecte a limitacions. Els exercicis de portabilitat i automatitzaci\u00f3 de decisions no apliquen en aquest cas per la tipologia de dades i tractament de les mateixes.<\/p>\n\n\n\n<p><br><strong>AUTORITAT DE CONTROL<\/strong><br>Si vost\u00e8 necessita m\u00e9s informaci\u00f3 i\/o ajuda en mat\u00e8ria de protecci\u00f3 de dades pot contactar directament:<br>Ag\u00e8ncia Espanyola de Protecci\u00f3 de Dades (AEPD) C\/ Jorge Juan, n\u00ba6 28001-Madrid 901100099-91263517 <a href=\"https:\/\/www.aepd.es\/\" target=\"_blank\" rel=\"noreferrer noopener\">www.agpd.es<\/a><\/p>\n","protected":false},"excerpt":{"rendered":"<p>NORMATIVES I SOLUCIONS EMPRESARIALS, S. L. en compliment del Reglament General de Protecci\u00f3 de Dades de la Uni\u00f3 Europea (RGPD), Reglament UE 2016\/679 del Parlament Europeu i de Consell de 27 d'abril de 2016, aix\u00ed com la Llei Org\u00e0nica 3\/2018 de 5 de Desembre de Protecci\u00f3 de dades i Garantia dels Drets Digitals i en [&hellip;]<\/p>\n","protected":false},"author":3,"featured_media":0,"parent":0,"menu_order":0,"comment_status":"closed","ping_status":"closed","template":"","meta":{"_acf_changed":false,"footnotes":""},"class_list":["post-363","page","type-page","status-publish","hentry"],"acf":[],"_links":{"self":[{"href":"https:\/\/solucions-empresarials.com\/ca\/wp-json\/wp\/v2\/pages\/363","targetHints":{"allow":["GET"]}}],"collection":[{"href":"https:\/\/solucions-empresarials.com\/ca\/wp-json\/wp\/v2\/pages"}],"about":[{"href":"https:\/\/solucions-empresarials.com\/ca\/wp-json\/wp\/v2\/types\/page"}],"author":[{"embeddable":true,"href":"https:\/\/solucions-empresarials.com\/ca\/wp-json\/wp\/v2\/users\/3"}],"replies":[{"embeddable":true,"href":"https:\/\/solucions-empresarials.com\/ca\/wp-json\/wp\/v2\/comments?post=363"}],"version-history":[{"count":8,"href":"https:\/\/solucions-empresarials.com\/ca\/wp-json\/wp\/v2\/pages\/363\/revisions"}],"predecessor-version":[{"id":380,"href":"https:\/\/solucions-empresarials.com\/ca\/wp-json\/wp\/v2\/pages\/363\/revisions\/380"}],"wp:attachment":[{"href":"https:\/\/solucions-empresarials.com\/ca\/wp-json\/wp\/v2\/media?parent=363"}],"curies":[{"name":"wp","href":"https:\/\/api.w.org\/{rel}","templated":true}]}}