{"id":375,"date":"2024-07-02T13:41:03","date_gmt":"2024-07-02T13:41:03","guid":{"rendered":"https:\/\/solucions-empresarials.com\/?page_id=375"},"modified":"2024-07-05T08:26:14","modified_gmt":"2024-07-05T08:26:14","slug":"avis-legal","status":"publish","type":"page","link":"https:\/\/solucions-empresarials.com\/ca\/avis-legal\/","title":{"rendered":"Av\u00eds legal"},"content":{"rendered":"\n<p>El prop\u00f2sit d'aquest Av\u00eds Legal, \u00e9s informar als usuaris de <a href=\"https:\/\/solucions-empresarials.com\/\">www.solucions-empresarials.com<\/a> , domiciliada a, Ctra. de Vic, 136, bajos , 08243 , Manresa la ra\u00f3 social del Responsable de tractament \u00e9s NORMATIVES I SOLUCIONS EMPRESARIALS, S. L. , de quina \u00e9s la seva pol\u00edtica de protecci\u00f3 de la privacitat i confidencialitat de les dades de car\u00e0cter personal que els seus usuaris faciliten de forma lliure i volunt\u00e0ria. <\/p>\n\n\n\n<p>NORMATIVES I SOLUCIONS EMPRESARIALS, S. L. posa en coneixement que disposa de les seves dades de car\u00e0cter personal especificades en el corresponent registre d'activitats del tractament de l'empresa denominat Gesti\u00f3 d'Usuaris Web.<\/p>\n\n\n\n<p><br>La base legal per al tractament de les seves dades \u00e9s el consentiment obtingut del propi titular del tractament en el moment de complimentar el nostre formulari online i acceptar de forma expressa el mateix.<\/p>\n\n\n\n<p><br>La finalitat de la creaci\u00f3, exist\u00e8ncia i manteniment \u00e9s el tractament de la informaci\u00f3 amb les exclusives finalitats de<br>poder fer efectiva la sol\u00b7licitud d'informaci\u00f3.<br>Els destinataris de la informaci\u00f3 s\u00f3n tots els departaments, compartiments, locals i entitats associades en els quals s'organitzen NORMATIVES I SOLUCIONS EMPRESARIALS, S. L. . i no seran cedits a cap tercer excepte en els casos que existeix una obligaci\u00f3 legal.<\/p>\n\n\n\n<p><br>En tot cas, vost\u00e8 t\u00e9 dret a obtenir la confirmaci\u00f3 sobre si a NORMATIVES I SOLUCIONS EMPRESARIALS, S. L. , estem tractant les seves dades personals per tant t\u00e9 dret a accedir a les seves dades personals, rectificar les dades inexactes o sol\u00b7licitar-ne la supressi\u00f3 quan la informaci\u00f3 ja no sigui necessaris.<\/p>\n\n\n\n<p><br>Tots els camps del formulari on-line marcats amb un asterisc s\u00f3n d\u00b4 obligada complimentaci\u00f3 per poder fer efectiva la seva sol\u00b7licitud d'informaci\u00f3.<\/p>\n\n\n\n<p><br>La Web <a href=\"https:\/\/solucions-empresarials.com\/\">www.solucions-empresarials.com<\/a> ha adoptat les mesures d'\u00edndole t\u00e8cnica i organitzatives necess\u00e0ries, segons el nivell de seguretat de protecci\u00f3 de dades que correspongui legalment, per garantir la seguretat del tractament de dades de car\u00e0cter personal que constitueix el seu tratament automatitzat. No obstant aix\u00f2, el usuari ha de ser conscient que en l'actualitat les mesures de seguretat a Internet no s\u00f3n imprevisibles i per tant no est\u00e1n exemptes de possibles intromissions il\u00b7legals i indegudes que no serien responsabilitat de NORMATIVES I SOLUCIONS EMPRESARIALS, S. L. , ja que ha actuat amb la dilig\u00e8ncia deguda per protegir les dades conforme determina la llei.<\/p>\n\n\n\n<p><br>La Web <a href=\"https:\/\/solucions-empresarials.com\/\">www.solucions-empresarials.com<\/a> utilitza cookies o altres procediments similars amb finalitats merament estad\u00edstiques. Aquestes informacions es capturen de forma autom\u00e0tica i an\u00f2nima, de manera que no \u00e9s possible identificar individualment a cap usuari. Els usuaris poden impedir el funcionament de les cookies mitjan\u00e7ant les opcions que tots els navegadors posen a la seva disposici\u00f3. Es recomana als usuaris que desitgen desactivar les cookies que consulten els sistemes d'ajuda dels navegadors que utilitzen.<\/p>\n\n\n\n<p><br>La Web <a href=\"https:\/\/solucions-empresarials.com\/\">www.solucions-empresarials.com<\/a> far\u00e0 tot el possible perqu\u00e8 la seva informaci\u00f3 estigui sempre actualitzada. No obstant aix\u00f2, la responsabilitat sobre la qualitat de les dades dep\u00e8n del titular de les mateixes, d'aqu\u00ed que si existeix una modificaci\u00f3 dels dades, l'usuari de la web els comunicar\u00e0 al Responsable del Tractament, declinant tota responsabilitat en cas que ometi la seva obligaci\u00f3 de notificar els canvis.<\/p>\n\n\n\n<p><br>La prestaci\u00f3 del servei d'aquesta web i les presents condicions d'\u00fas del lloc web es regeixen per la Llei Espanyola. Per qualsevol discrep\u00e0ncia en l'execuci\u00f3, interpretaci\u00f3, compliment d'aquestes condicions, les parts es sotmeten als Jutjats i Tribunals competents.<\/p>\n","protected":false},"excerpt":{"rendered":"<p>El prop\u00f2sit d'aquest Av\u00eds Legal, \u00e9s informar als usuaris de www.solucions-empresarials.com , domiciliada a, Ctra. de Vic, 136, bajos , 08243 , Manresa la ra\u00f3 social del Responsable de tractament \u00e9s NORMATIVES I SOLUCIONS EMPRESARIALS, S. L. , de quina \u00e9s la seva pol\u00edtica de protecci\u00f3 de la privacitat i confidencialitat de les dades de [&hellip;]<\/p>\n","protected":false},"author":3,"featured_media":0,"parent":0,"menu_order":0,"comment_status":"closed","ping_status":"closed","template":"","meta":{"_acf_changed":false,"footnotes":""},"class_list":["post-375","page","type-page","status-publish","hentry"],"acf":[],"_links":{"self":[{"href":"https:\/\/solucions-empresarials.com\/ca\/wp-json\/wp\/v2\/pages\/375","targetHints":{"allow":["GET"]}}],"collection":[{"href":"https:\/\/solucions-empresarials.com\/ca\/wp-json\/wp\/v2\/pages"}],"about":[{"href":"https:\/\/solucions-empresarials.com\/ca\/wp-json\/wp\/v2\/types\/page"}],"author":[{"embeddable":true,"href":"https:\/\/solucions-empresarials.com\/ca\/wp-json\/wp\/v2\/users\/3"}],"replies":[{"embeddable":true,"href":"https:\/\/solucions-empresarials.com\/ca\/wp-json\/wp\/v2\/comments?post=375"}],"version-history":[{"count":1,"href":"https:\/\/solucions-empresarials.com\/ca\/wp-json\/wp\/v2\/pages\/375\/revisions"}],"predecessor-version":[{"id":376,"href":"https:\/\/solucions-empresarials.com\/ca\/wp-json\/wp\/v2\/pages\/375\/revisions\/376"}],"wp:attachment":[{"href":"https:\/\/solucions-empresarials.com\/ca\/wp-json\/wp\/v2\/media?parent=375"}],"curies":[{"name":"wp","href":"https:\/\/api.w.org\/{rel}","templated":true}]}}