{"id":392,"date":"2024-07-03T13:05:30","date_gmt":"2024-07-03T13:05:30","guid":{"rendered":"https:\/\/solucions-empresarials.com\/?page_id=392"},"modified":"2024-07-03T13:05:56","modified_gmt":"2024-07-03T13:05:56","slug":"declaracio-accessibilitat","status":"publish","type":"page","link":"https:\/\/solucions-empresarials.com\/ca\/declaracio-accessibilitat\/","title":{"rendered":"Declaraci\u00f3 Accessibilitat"},"content":{"rendered":"\n<p><strong>Normatives i Solucions Empresarials, SL<\/strong><br><strong>NIF:<\/strong> B66544693<br><strong>Domicili:<\/strong> Carretera de Vic, 136, Baixos, 08243 Manresa, Barcelona, Espanya<\/p>\n\n\n\n<p><strong>Normatives i Solucions Empresarials, SL<\/strong> s'ha comprom\u00e8s a fer accessibles els seus llocs web i la seva aplicaci\u00f3 per a dispositius m\u00f2bils, de conformitat amb el Reial decret 1112\/2018, de 7 de setembre, sobre accessibilitat dels llocs web i aplicacions per a dispositius m\u00f2bils del sector p\u00fablic.<\/p>\n\n\n\n<p>La present declaraci\u00f3 d'accessibilitat s'aplica a 2fisio.es<\/p>\n\n\n\n<p>Aquest lloc web \u00e9s plenament conforme amb els criteris d'accessibilitat de la norma UNE-EN 301549:2022.<\/p>\n\n\n\n<h3 class=\"wp-block-heading\">PREPARACI\u00d3 DE LA SEG\u00dcENT DECLARACI\u00d3 D'ACCESSIBILITAT<\/h3>\n\n\n\n<p>La present declaraci\u00f3 va ser preparada el 03\/07\/2024.<br>El m\u00e8tode emprat per preparar la declaraci\u00f3 ha estat una autoavaluaci\u00f3 realitzada pel propi organisme.<br>\u00daltima revisi\u00f3 de la declaraci\u00f3: 03\/07\/2024.<\/p>\n\n\n\n<h3 class=\"wp-block-heading\">OBSERVACIONS I DADES DE CONTACTE<\/h3>\n\n\n\n<p>Podeu realitzar comunicacions sobre requisits d'accessibilitat (article 10.2.a del RD 1112\/2018) com ara:<\/p>\n\n\n\n<ul class=\"wp-block-list\">\n<li>Informar sobre qualsevol possible incompliment per part d'aquest lloc web<\/li>\n\n\n\n<li>Transmetre altres dificultats d'acc\u00e9s al contingut<\/li>\n\n\n\n<li>Formular qualsevol altra consulta o suggeriment de millora relativa a l'accessibilitat del lloc web<\/li>\n<\/ul>\n\n\n\n<p>A trav\u00e9s del formulari de contacte d'aquest lloc web o a trav\u00e9s del n\u00famero de tel\u00e8fon (+34) 931 735 864<\/p>\n\n\n\n<p>Podeu presentar:<\/p>\n\n\n\n<ul class=\"wp-block-list\">\n<li>Queixa relativa al compliment dels requisits del RD 1112\/2018 o<\/li>\n\n\n\n<li>Sol\u00b7licitud d'Informaci\u00f3 accessible relativa a:\n<ul class=\"wp-block-list\">\n<li>Continguts que estan exclosos de l'\u00e0mbit d'aplicaci\u00f3 del RD 1112\/2018 segons l'establert per l'article 3, apartat 4<\/li>\n\n\n\n<li>Continguts que estan exempts del compliment dels requisits d'accessibilitat per imposar una c\u00e0rrega desproporcionada.<\/li>\n<\/ul>\n<\/li>\n<\/ul>\n\n\n\n<p>En la Sol\u00b7licitud d'informaci\u00f3 accessible, s'ha de concretar, amb tota claredat, els fets, raons i petici\u00f3 que permetin constatar que es tracta d'una sol\u00b7licitud raonable i leg\u00edtima.<\/p>\n\n\n\n<h3 class=\"wp-block-heading\">PROCEDIMENT D'APLICACI\u00d3<\/h3>\n\n\n\n<p>Si una vegada realitzada una sol\u00b7licitud d'informaci\u00f3 accessible o queixa, aquesta hagu\u00e9s estat desestimada, no s'estigu\u00e9s d'acord amb la decisi\u00f3 adoptada, o la resposta no compl\u00eds els requisits contemplats en l'article 12.5, la persona interessada podr\u00e0 iniciar una reclamaci\u00f3. Igualment, es podr\u00e0 iniciar una reclamaci\u00f3 en el cas que hagi transcorregut el termini de vint dies h\u00e0bils sense haver obtingut resposta.<\/p>\n\n\n\n<p>La reclamaci\u00f3 pot ser presentada a trav\u00e9s de la Inst\u00e0ncia Gen\u00e8rica de la Seu electr\u00f2nica del Ministeri d'Assumptes Econ\u00f2mics i Transformaci\u00f3 Digital, aix\u00ed com en la resta d'opcions recollides en la Llei 39\/2015, de 1 d'octubre, del Procediment Administratiu Com\u00fa de les Administracions P\u00fabliques. Les reclamacions seran rebudes i tractades per la Subdirecci\u00f3 General d'Inspecci\u00f3 de Serveis del Ministeri.<\/p>\n\n\n\n<h3 class=\"wp-block-heading\">CONTINGUT OPCIONAL<\/h3>\n\n\n\n<p>Aquest portal est\u00e0 dissenyat per poder canviar la mida del text i el color, aix\u00ed com el fons de la p\u00e0gina mitjan\u00e7ant les opcions de configuraci\u00f3 est\u00e0ndard dels navegadors.<\/p>\n\n\n\n<p>Si desitja canviar la mida de la lletra del text en els principals navegadors gr\u00e0fics utilitzi els seg\u00fcents men\u00fas:<\/p>\n\n\n\n<ul class=\"wp-block-list\">\n<li><strong>Internet Explorer, Mozilla i Firefox<\/strong>: Veure > Mida del text<\/li>\n\n\n\n<li><strong>Opera<\/strong>: Veure > Zoom<\/li>\n\n\n\n<li><strong>Safari<\/strong>: Veure > Fer el text m\u00e9s gran<\/li>\n\n\n\n<li><strong>Chrome<\/strong>: Controla la p\u00e0gina actual > Mida del text<\/li>\n<\/ul>\n\n\n\n<p>Per modificar la mida de tot a la p\u00e0gina:<\/p>\n\n\n\n<ul class=\"wp-block-list\">\n<li><strong>Ctrl + +<\/strong> per augmentar-lo<\/li>\n\n\n\n<li><strong>Ctrl + -<\/strong> per disminuir-lo<\/li>\n\n\n\n<li><strong>Ctrl + 0<\/strong> restaura la mida original del text<\/li>\n<\/ul>\n\n\n\n<p>Si el que vol \u00e9s anul\u00b7lar la fulla d'estils o modificar el color del text, pot consultar la p\u00e0gina <a href=\"https:\/\/www.w3.org\/WAI\/changedesign\">How to Change Text Size or Colors de la WAI<\/a>, que es pot llegir tradu\u00efda al catal\u00e0 en Com canviar la mida del text o els colors?<\/p>\n","protected":false},"excerpt":{"rendered":"<p>Normatives i Solucions Empresarials, SLNIF: B66544693Domicili: Carretera de Vic, 136, Baixos, 08243 Manresa, Barcelona, Espanya Normatives i Solucions Empresarials, SL s'ha comprom\u00e8s a fer accessibles els seus llocs web i la seva aplicaci\u00f3 per a dispositius m\u00f2bils, de conformitat amb el Reial decret 1112\/2018, de 7 de setembre, sobre accessibilitat dels llocs web i aplicacions [&hellip;]<\/p>\n","protected":false},"author":2,"featured_media":0,"parent":0,"menu_order":0,"comment_status":"closed","ping_status":"closed","template":"","meta":{"_acf_changed":false,"footnotes":""},"class_list":["post-392","page","type-page","status-publish","hentry"],"acf":[],"_links":{"self":[{"href":"https:\/\/solucions-empresarials.com\/ca\/wp-json\/wp\/v2\/pages\/392","targetHints":{"allow":["GET"]}}],"collection":[{"href":"https:\/\/solucions-empresarials.com\/ca\/wp-json\/wp\/v2\/pages"}],"about":[{"href":"https:\/\/solucions-empresarials.com\/ca\/wp-json\/wp\/v2\/types\/page"}],"author":[{"embeddable":true,"href":"https:\/\/solucions-empresarials.com\/ca\/wp-json\/wp\/v2\/users\/2"}],"replies":[{"embeddable":true,"href":"https:\/\/solucions-empresarials.com\/ca\/wp-json\/wp\/v2\/comments?post=392"}],"version-history":[{"count":1,"href":"https:\/\/solucions-empresarials.com\/ca\/wp-json\/wp\/v2\/pages\/392\/revisions"}],"predecessor-version":[{"id":393,"href":"https:\/\/solucions-empresarials.com\/ca\/wp-json\/wp\/v2\/pages\/392\/revisions\/393"}],"wp:attachment":[{"href":"https:\/\/solucions-empresarials.com\/ca\/wp-json\/wp\/v2\/media?parent=392"}],"curies":[{"name":"wp","href":"https:\/\/api.w.org\/{rel}","templated":true}]}}